{"id":5598,"date":"2026-04-13T16:03:37","date_gmt":"2026-04-13T14:03:37","guid":{"rendered":"https:\/\/officetransportspoetik.com\/?page_id=5598"},"modified":"2026-04-13T16:10:06","modified_gmt":"2026-04-13T14:10:06","slug":"jeudi-25-juin-2026-elisabeth-chabuel-dj-actress-m","status":"publish","type":"page","link":"https:\/\/officetransportspoetik.com\/index.php\/jeudi-25-juin-2026-elisabeth-chabuel-dj-actress-m\/","title":{"rendered":"JEUDI 25 JUIN 2026 &#8211; ELISABETH CHABUEL &amp; DJ ACTRESS M"},"content":{"rendered":"\t\t<div data-elementor-type=\"wp-page\" data-elementor-id=\"5598\" class=\"elementor elementor-5598\">\n\t\t\t\t\t\t<section class=\"elementor-section elementor-top-section elementor-element elementor-element-5339ff1d elementor-section-boxed elementor-section-height-default elementor-section-height-default\" data-id=\"5339ff1d\" data-element_type=\"section\" data-e-type=\"section\">\n\t\t\t\t\t\t<div class=\"elementor-container elementor-column-gap-default\">\n\t\t\t\t\t<div class=\"elementor-column elementor-col-100 elementor-top-column elementor-element elementor-element-fa811d8\" data-id=\"fa811d8\" data-element_type=\"column\" data-e-type=\"column\">\n\t\t\t<div class=\"elementor-widget-wrap elementor-element-populated\">\n\t\t\t\t\t\t<div class=\"elementor-element elementor-element-6242d704 elementor-widget elementor-widget-heading\" data-id=\"6242d704\" data-element_type=\"widget\" data-e-type=\"widget\" data-widget_type=\"heading.default\">\n\t\t\t\t<div class=\"elementor-widget-container\">\n\t\t\t\t\t<h2 class=\"elementor-heading-title elementor-size-default\">JEUDI 25 JUIN 2026 \/ BIFRUK-CAF\u00c9<\/h2>\t\t\t\t<\/div>\n\t\t\t\t<\/div>\n\t\t\t\t<div class=\"elementor-element elementor-element-63d43ab9 elementor-widget-divider--view-line elementor-widget elementor-widget-divider\" data-id=\"63d43ab9\" data-element_type=\"widget\" data-e-type=\"widget\" data-widget_type=\"divider.default\">\n\t\t\t\t<div class=\"elementor-widget-container\">\n\t\t\t\t\t\t\t<div class=\"elementor-divider\">\n\t\t\t<span class=\"elementor-divider-separator\">\n\t\t\t\t\t\t<\/span>\n\t\t<\/div>\n\t\t\t\t\t\t<\/div>\n\t\t\t\t<\/div>\n\t\t\t\t\t<\/div>\n\t\t<\/div>\n\t\t\t\t\t<\/div>\n\t\t<\/section>\n\t\t\t\t<section class=\"elementor-section elementor-top-section elementor-element elementor-element-144d307b elementor-section-boxed elementor-section-height-default elementor-section-height-default\" data-id=\"144d307b\" data-element_type=\"section\" data-e-type=\"section\">\n\t\t\t\t\t\t<div class=\"elementor-container elementor-column-gap-default\">\n\t\t\t\t\t<div class=\"elementor-column elementor-col-50 elementor-top-column elementor-element elementor-element-7306a43c\" data-id=\"7306a43c\" data-element_type=\"column\" data-e-type=\"column\">\n\t\t\t<div class=\"elementor-widget-wrap elementor-element-populated\">\n\t\t\t\t\t\t<div class=\"elementor-element elementor-element-46332568 elementor-widget elementor-widget-heading\" data-id=\"46332568\" data-element_type=\"widget\" data-e-type=\"widget\" data-widget_type=\"heading.default\">\n\t\t\t\t<div class=\"elementor-widget-container\">\n\t\t\t\t\t<h2 class=\"elementor-heading-title elementor-size-default\">ELIABETH CHABUEL &amp; DJ ACTRESS M<\/h2>\t\t\t\t<\/div>\n\t\t\t\t<\/div>\n\t\t\t\t<div class=\"elementor-element elementor-element-78f4a227 elementor-widget elementor-widget-text-editor\" data-id=\"78f4a227\" data-element_type=\"widget\" data-e-type=\"widget\" data-widget_type=\"text-editor.default\">\n\t\t\t\t<div class=\"elementor-widget-container\">\n\t\t\t\t\t\t\t\t\t<p style=\"font-variant-caps: normal; font-family: 'Open Sans', sans-serif; font-size: 14px; font-style: normal;\"><span style=\"font-size: 14px; font-weight: 600;\">cr\u00e9ations po\u00e9sie &amp; musiques \u00e9lectroniques + sc\u00e8ne ouverte<\/span><\/p>\t\t\t\t\t\t\t\t<\/div>\n\t\t\t\t<\/div>\n\t\t\t\t<div class=\"elementor-element elementor-element-250a273e elementor-widget elementor-widget-text-editor\" data-id=\"250a273e\" data-element_type=\"widget\" data-e-type=\"widget\" data-widget_type=\"text-editor.default\">\n\t\t\t\t<div class=\"elementor-widget-container\">\n\t\t\t\t\t\t\t\t\t<h2>19H30<\/h2><p><em>gratuit \/ sans r\u00e9servation<\/em><\/p>\t\t\t\t\t\t\t\t<\/div>\n\t\t\t\t<\/div>\n\t\t\t\t<div class=\"elementor-element elementor-element-427f7d59 elementor-widget-divider--view-line elementor-widget elementor-widget-divider\" data-id=\"427f7d59\" data-element_type=\"widget\" data-e-type=\"widget\" data-widget_type=\"divider.default\">\n\t\t\t\t<div class=\"elementor-widget-container\">\n\t\t\t\t\t\t\t<div class=\"elementor-divider\">\n\t\t\t<span class=\"elementor-divider-separator\">\n\t\t\t\t\t\t<\/span>\n\t\t<\/div>\n\t\t\t\t\t\t<\/div>\n\t\t\t\t<\/div>\n\t\t\t\t<div class=\"elementor-element elementor-element-549cddbf elementor-widget elementor-widget-text-editor\" data-id=\"549cddbf\" data-element_type=\"widget\" data-e-type=\"widget\" data-widget_type=\"text-editor.default\">\n\t\t\t\t<div class=\"elementor-widget-container\">\n\t\t\t\t\t\t\t\t\t<p class=\"MsoNormal\" style=\"margin: 0cm; font-size: 12pt; font-family: Calibri, sans-serif; color: #000000; font-style: normal; font-variant-ligatures: normal; font-variant-caps: normal; font-weight: 400; text-align: justify;\">PO\u00c9TIK \u00c9LECTRO ! Un concept dont on ne se lasse pas depuis la premi\u00e8re \u00e9dition du festival. Les publics, les auteurs, les autrices et les artistes de la sc\u00e8ne \u00e9lectronique grenobloise nous suivent dans cette aventure.\u00a0 Pour cette soir\u00e9e au BIFURK-CAF\u00c9, DJ Actress M et la po\u00e9tesse grenobloise Elisabeth Chabuel proposeront un set \u00e9lectropo\u00e9tik, entre pens\u00e9es qui dansent et sons qui pensent !\u00a0 La soir\u00e9e sera autant litt\u00e9raire que dansante. Des mots d\u00e9bout sur sc\u00e8ne, mais aussi des mots qui circulent dans nos corps dansants. Il s\u2019agit pour nous de continuer \u00e0 faire circuler les livres autrement, car nous n\u2019oublions pas l\u2019objet livre et associons \u00e0 nos soir\u00e9es POETIK ELECTRO les librairies ind\u00e9pendantes.\u00a0<\/p><p class=\"MsoNormal\" style=\"margin: 0cm; font-size: 12pt; font-family: Calibri, sans-serif; color: #000000; font-style: normal; font-variant-ligatures: normal; font-variant-caps: normal; font-weight: 400; text-align: justify;\">\u00a0<\/p><p class=\"MsoNormal\" style=\"margin: 0cm; font-size: 12pt; font-family: Calibri, sans-serif; color: #000000; font-style: normal; font-variant-ligatures: normal; font-variant-caps: normal; font-weight: 400; text-align: justify;\">Un temps de sc\u00e8ne ouverte texte \/ mix vous sera\u00a0 propos\u00e9 pendant cette soir\u00e9e.<\/p><p class=\"MsoNormal\" style=\"margin: 0cm; font-size: 12pt; font-family: Calibri, sans-serif; color: #000000; font-style: normal; font-variant-ligatures: normal; font-variant-caps: normal; text-align: justify;\"><b>en pr\u00e9sence de la librairie La Nouvelle D\u00e9rive<\/b><\/p>\t\t\t\t\t\t\t\t<\/div>\n\t\t\t\t<\/div>\n\t\t\t\t<div class=\"elementor-element elementor-element-665cbd8d elementor-widget elementor-widget-text-editor\" data-id=\"665cbd8d\" data-element_type=\"widget\" data-e-type=\"widget\" data-widget_type=\"text-editor.default\">\n\t\t\t\t<div class=\"elementor-widget-container\">\n\t\t\t\t\t\t\t\t\t<p><b>\u00e0 lire<\/b>\u00a0: <b>Elisabeth Chabuel,<\/b> Je suis le mur, \u00e9d. Cheyne, 2025<\/p>\t\t\t\t\t\t\t\t<\/div>\n\t\t\t\t<\/div>\n\t\t\t\t<div class=\"elementor-element elementor-element-6656026b elementor-widget elementor-widget-text-editor\" data-id=\"6656026b\" data-element_type=\"widget\" data-e-type=\"widget\" data-widget_type=\"text-editor.default\">\n\t\t\t\t<div class=\"elementor-widget-container\">\n\t\t\t\t\t\t\t\t\t<p>2, rue Gustave Flauvert, Grenoble<\/p>\t\t\t\t\t\t\t\t<\/div>\n\t\t\t\t<\/div>\n\t\t\t\t\t<\/div>\n\t\t<\/div>\n\t\t\t\t<div class=\"elementor-column elementor-col-50 elementor-top-column elementor-element elementor-element-60cc768f\" data-id=\"60cc768f\" data-element_type=\"column\" data-e-type=\"column\">\n\t\t\t<div class=\"elementor-widget-wrap elementor-element-populated\">\n\t\t\t\t\t\t<section class=\"elementor-section elementor-inner-section elementor-element elementor-element-5fc87ee8 elementor-section-boxed elementor-section-height-default elementor-section-height-default\" data-id=\"5fc87ee8\" data-element_type=\"section\" data-e-type=\"section\">\n\t\t\t\t\t\t<div class=\"elementor-container elementor-column-gap-default\">\n\t\t\t\t\t<div class=\"elementor-column elementor-col-50 elementor-inner-column elementor-element elementor-element-595d6934\" data-id=\"595d6934\" data-element_type=\"column\" data-e-type=\"column\">\n\t\t\t<div class=\"elementor-widget-wrap elementor-element-populated\">\n\t\t\t\t\t\t<div class=\"elementor-element elementor-element-21f1d66e elementor-widget elementor-widget-image\" data-id=\"21f1d66e\" data-element_type=\"widget\" data-e-type=\"widget\" data-widget_type=\"image.default\">\n\t\t\t\t<div class=\"elementor-widget-container\">\n\t\t\t\t\t\t\t\t\t\t\t\t\t\t\t<img fetchpriority=\"high\" decoding=\"async\" width=\"396\" height=\"360\" src=\"https:\/\/officetransportspoetik.com\/wp-content\/uploads\/2026\/03\/E.-CHABUEL-396x360.jpg\" class=\"attachment-htmega_size_396x360 size-htmega_size_396x360 wp-image-5289\" alt=\"\" \/>\t\t\t\t\t\t\t\t\t\t\t\t\t\t\t<\/div>\n\t\t\t\t<\/div>\n\t\t\t\t<div class=\"elementor-element elementor-element-58972499 elementor-widget elementor-widget-heading\" data-id=\"58972499\" data-element_type=\"widget\" data-e-type=\"widget\" data-widget_type=\"heading.default\">\n\t\t\t\t<div class=\"elementor-widget-container\">\n\t\t\t\t\t<h2 class=\"elementor-heading-title elementor-size-small\"><a href=\"https:\/\/www.cheyne-editeur.com\/elisabeth-chabuel\">Elisabeth CHABUEL<\/a><\/h2>\t\t\t\t<\/div>\n\t\t\t\t<\/div>\n\t\t\t\t\t<\/div>\n\t\t<\/div>\n\t\t\t\t<div class=\"elementor-column elementor-col-50 elementor-inner-column elementor-element elementor-element-2d104a79\" data-id=\"2d104a79\" data-element_type=\"column\" data-e-type=\"column\">\n\t\t\t<div class=\"elementor-widget-wrap elementor-element-populated\">\n\t\t\t\t\t\t<div class=\"elementor-element elementor-element-20905b64 elementor-widget elementor-widget-image\" data-id=\"20905b64\" data-element_type=\"widget\" data-e-type=\"widget\" data-widget_type=\"image.default\">\n\t\t\t\t<div class=\"elementor-widget-container\">\n\t\t\t\t\t\t\t\t\t\t\t\t\t\t\t<img decoding=\"async\" width=\"396\" height=\"360\" src=\"https:\/\/officetransportspoetik.com\/wp-content\/uploads\/2026\/04\/actress-m-dj-grenobloise-explore-l-univers-des-annees-80-photo-lohan-pierro-1661006328-396x360.jpg\" class=\"attachment-htmega_size_396x360 size-htmega_size_396x360 wp-image-5339\" alt=\"\" \/>\t\t\t\t\t\t\t\t\t\t\t\t\t\t\t<\/div>\n\t\t\t\t<\/div>\n\t\t\t\t<div class=\"elementor-element elementor-element-2c9657b3 elementor-widget elementor-widget-heading\" data-id=\"2c9657b3\" data-element_type=\"widget\" data-e-type=\"widget\" data-widget_type=\"heading.default\">\n\t\t\t\t<div class=\"elementor-widget-container\">\n\t\t\t\t\t<h2 class=\"elementor-heading-title elementor-size-small\"><a href=\"https:\/\/soundcloud.com\/actress-actress-m\">DJ ACTRESS LM<\/a><\/h2>\t\t\t\t<\/div>\n\t\t\t\t<\/div>\n\t\t\t\t\t<\/div>\n\t\t<\/div>\n\t\t\t\t\t<\/div>\n\t\t<\/section>\n\t\t\t\t\t<\/div>\n\t\t<\/div>\n\t\t\t\t\t<\/div>\n\t\t<\/section>\n\t\t\t\t<\/div>\n\t\t","protected":false},"excerpt":{"rendered":"<p>JEUDI 25 JUIN 2026 \/ BIFRUK-CAF\u00c9 ELIABETH CHABUEL &amp; DJ ACTRESS M cr\u00e9ations po\u00e9sie &amp; musiques \u00e9lectroniques + sc\u00e8ne ouverte 19H30 gratuit \/ sans r\u00e9servation PO\u00c9TIK \u00c9LECTRO ! Un concept dont on ne se lasse pas depuis la premi\u00e8re \u00e9dition du festival. Les publics, les auteurs, les autrices et les artistes de la sc\u00e8ne \u00e9lectronique [&hellip;]<\/p>\n","protected":false},"author":1,"featured_media":0,"parent":0,"menu_order":0,"comment_status":"closed","ping_status":"closed","template":"elementor_header_footer","meta":{"ocean_post_layout":"","ocean_both_sidebars_style":"","ocean_both_sidebars_content_width":0,"ocean_both_sidebars_sidebars_width":0,"ocean_sidebar":"","ocean_second_sidebar":"","ocean_disable_margins":"enable","ocean_add_body_class":"","ocean_shortcode_before_top_bar":"","ocean_shortcode_after_top_bar":"","ocean_shortcode_before_header":"","ocean_shortcode_after_header":"","ocean_has_shortcode":"","ocean_shortcode_after_title":"","ocean_shortcode_before_footer_widgets":"","ocean_shortcode_after_footer_widgets":"","ocean_shortcode_before_footer_bottom":"","ocean_shortcode_after_footer_bottom":"","ocean_display_top_bar":"default","ocean_display_header":"default","ocean_header_style":"","ocean_center_header_left_menu":"","ocean_custom_header_template":"","ocean_custom_logo":0,"ocean_custom_retina_logo":0,"ocean_custom_logo_max_width":0,"ocean_custom_logo_tablet_max_width":0,"ocean_custom_logo_mobile_max_width":0,"ocean_custom_logo_max_height":0,"ocean_custom_logo_tablet_max_height":0,"ocean_custom_logo_mobile_max_height":0,"ocean_header_custom_menu":"","ocean_menu_typo_font_family":"","ocean_menu_typo_font_subset":"","ocean_menu_typo_font_size":0,"ocean_menu_typo_font_size_tablet":0,"ocean_menu_typo_font_size_mobile":0,"ocean_menu_typo_font_size_unit":"px","ocean_menu_typo_font_weight":"","ocean_menu_typo_font_weight_tablet":"","ocean_menu_typo_font_weight_mobile":"","ocean_menu_typo_transform":"","ocean_menu_typo_transform_tablet":"","ocean_menu_typo_transform_mobile":"","ocean_menu_typo_line_height":0,"ocean_menu_typo_line_height_tablet":0,"ocean_menu_typo_line_height_mobile":0,"ocean_menu_typo_line_height_unit":"","ocean_menu_typo_spacing":0,"ocean_menu_typo_spacing_tablet":0,"ocean_menu_typo_spacing_mobile":0,"ocean_menu_typo_spacing_unit":"","ocean_menu_link_color":"","ocean_menu_link_color_hover":"","ocean_menu_link_color_active":"","ocean_menu_link_background":"","ocean_menu_link_hover_background":"","ocean_menu_link_active_background":"","ocean_menu_social_links_bg":"","ocean_menu_social_hover_links_bg":"","ocean_menu_social_links_color":"","ocean_menu_social_hover_links_color":"","ocean_disable_title":"default","ocean_disable_heading":"default","ocean_post_title":"","ocean_post_subheading":"","ocean_post_title_style":"","ocean_post_title_background_color":"","ocean_post_title_background":0,"ocean_post_title_bg_image_position":"","ocean_post_title_bg_image_attachment":"","ocean_post_title_bg_image_repeat":"","ocean_post_title_bg_image_size":"","ocean_post_title_height":0,"ocean_post_title_bg_overlay":0.5,"ocean_post_title_bg_overlay_color":"","ocean_disable_breadcrumbs":"default","ocean_breadcrumbs_color":"","ocean_breadcrumbs_separator_color":"","ocean_breadcrumbs_links_color":"","ocean_breadcrumbs_links_hover_color":"","ocean_display_footer_widgets":"default","ocean_display_footer_bottom":"default","ocean_custom_footer_template":"","footnotes":""},"class_list":["post-5598","page","type-page","status-publish","hentry","entry"],"yoast_head":"<!-- This site is optimized with the Yoast SEO plugin v27.4 - https:\/\/yoast.com\/product\/yoast-seo-wordpress\/ -->\n<title>JEUDI 25 JUIN 2026 - ELISABETH CHABUEL &amp; DJ ACTRESS M - Office des Transports Po\u00e9tik<\/title>\n<meta name=\"robots\" content=\"index, follow, max-snippet:-1, max-image-preview:large, max-video-preview:-1\" \/>\n<link rel=\"canonical\" href=\"https:\/\/officetransportspoetik.com\/index.php\/jeudi-25-juin-2026-elisabeth-chabuel-dj-actress-m\/\" \/>\n<meta property=\"og:locale\" content=\"fr_FR\" \/>\n<meta property=\"og:type\" content=\"article\" \/>\n<meta property=\"og:title\" content=\"JEUDI 25 JUIN 2026 - ELISABETH CHABUEL &amp; DJ ACTRESS M - Office des Transports Po\u00e9tik\" \/>\n<meta property=\"og:description\" content=\"JEUDI 25 JUIN 2026 \/ BIFRUK-CAF\u00c9 ELIABETH CHABUEL &amp; DJ ACTRESS M cr\u00e9ations po\u00e9sie &amp; musiques \u00e9lectroniques + sc\u00e8ne ouverte 19H30 gratuit \/ sans r\u00e9servation PO\u00c9TIK \u00c9LECTRO ! Un concept dont on ne se lasse pas depuis la premi\u00e8re \u00e9dition du festival. Les publics, les auteurs, les autrices et les artistes de la sc\u00e8ne \u00e9lectronique [&hellip;]\" \/>\n<meta property=\"og:url\" content=\"https:\/\/officetransportspoetik.com\/index.php\/jeudi-25-juin-2026-elisabeth-chabuel-dj-actress-m\/\" \/>\n<meta property=\"og:site_name\" content=\"Office des Transports Po\u00e9tik\" \/>\n<meta property=\"article:publisher\" content=\"https:\/\/www.facebook.com\/officedestransportspoetik\" \/>\n<meta property=\"article:modified_time\" content=\"2026-04-13T14:10:06+00:00\" \/>\n<meta property=\"og:image\" content=\"https:\/\/officetransportspoetik.com\/wp-content\/uploads\/2026\/03\/E.-CHABUEL-scaled.jpg\" \/>\n\t<meta property=\"og:image:width\" content=\"1811\" \/>\n\t<meta property=\"og:image:height\" content=\"2560\" \/>\n\t<meta property=\"og:image:type\" content=\"image\/jpeg\" \/>\n<meta name=\"twitter:card\" content=\"summary_large_image\" \/>\n<meta name=\"twitter:label1\" content=\"Dur\u00e9e de lecture estim\u00e9e\" \/>\n\t<meta name=\"twitter:data1\" content=\"2 minutes\" \/>\n<script type=\"application\/ld+json\" class=\"yoast-schema-graph\">{\"@context\":\"https:\\\/\\\/schema.org\",\"@graph\":[{\"@type\":\"WebPage\",\"@id\":\"https:\\\/\\\/officetransportspoetik.com\\\/index.php\\\/jeudi-25-juin-2026-elisabeth-chabuel-dj-actress-m\\\/\",\"url\":\"https:\\\/\\\/officetransportspoetik.com\\\/index.php\\\/jeudi-25-juin-2026-elisabeth-chabuel-dj-actress-m\\\/\",\"name\":\"JEUDI 25 JUIN 2026 - ELISABETH CHABUEL &amp; DJ ACTRESS M - Office des Transports Po\u00e9tik\",\"isPartOf\":{\"@id\":\"https:\\\/\\\/officetransportspoetik.com\\\/#website\"},\"primaryImageOfPage\":{\"@id\":\"https:\\\/\\\/officetransportspoetik.com\\\/index.php\\\/jeudi-25-juin-2026-elisabeth-chabuel-dj-actress-m\\\/#primaryimage\"},\"image\":{\"@id\":\"https:\\\/\\\/officetransportspoetik.com\\\/index.php\\\/jeudi-25-juin-2026-elisabeth-chabuel-dj-actress-m\\\/#primaryimage\"},\"thumbnailUrl\":\"https:\\\/\\\/officetransportspoetik.com\\\/wp-content\\\/uploads\\\/2026\\\/03\\\/E.-CHABUEL-396x360.jpg\",\"datePublished\":\"2026-04-13T14:03:37+00:00\",\"dateModified\":\"2026-04-13T14:10:06+00:00\",\"breadcrumb\":{\"@id\":\"https:\\\/\\\/officetransportspoetik.com\\\/index.php\\\/jeudi-25-juin-2026-elisabeth-chabuel-dj-actress-m\\\/#breadcrumb\"},\"inLanguage\":\"fr-FR\",\"potentialAction\":[{\"@type\":\"ReadAction\",\"target\":[\"https:\\\/\\\/officetransportspoetik.com\\\/index.php\\\/jeudi-25-juin-2026-elisabeth-chabuel-dj-actress-m\\\/\"]}]},{\"@type\":\"ImageObject\",\"inLanguage\":\"fr-FR\",\"@id\":\"https:\\\/\\\/officetransportspoetik.com\\\/index.php\\\/jeudi-25-juin-2026-elisabeth-chabuel-dj-actress-m\\\/#primaryimage\",\"url\":\"https:\\\/\\\/officetransportspoetik.com\\\/wp-content\\\/uploads\\\/2026\\\/03\\\/E.-CHABUEL-scaled.jpg\",\"contentUrl\":\"https:\\\/\\\/officetransportspoetik.com\\\/wp-content\\\/uploads\\\/2026\\\/03\\\/E.-CHABUEL-scaled.jpg\",\"width\":1811,\"height\":2560},{\"@type\":\"BreadcrumbList\",\"@id\":\"https:\\\/\\\/officetransportspoetik.com\\\/index.php\\\/jeudi-25-juin-2026-elisabeth-chabuel-dj-actress-m\\\/#breadcrumb\",\"itemListElement\":[{\"@type\":\"ListItem\",\"position\":1,\"name\":\"Accueil\",\"item\":\"https:\\\/\\\/officetransportspoetik.com\\\/\"},{\"@type\":\"ListItem\",\"position\":2,\"name\":\"JEUDI 25 JUIN 2026 &#8211; ELISABETH CHABUEL &amp; DJ ACTRESS M\"}]},{\"@type\":\"WebSite\",\"@id\":\"https:\\\/\\\/officetransportspoetik.com\\\/#website\",\"url\":\"https:\\\/\\\/officetransportspoetik.com\\\/\",\"name\":\"Office des Transports Po\u00e9tik\",\"description\":\"autour des \u00e9critures po\u00e9tiques contemporaines\",\"publisher\":{\"@id\":\"https:\\\/\\\/officetransportspoetik.com\\\/#organization\"},\"potentialAction\":[{\"@type\":\"SearchAction\",\"target\":{\"@type\":\"EntryPoint\",\"urlTemplate\":\"https:\\\/\\\/officetransportspoetik.com\\\/?s={search_term_string}\"},\"query-input\":{\"@type\":\"PropertyValueSpecification\",\"valueRequired\":true,\"valueName\":\"search_term_string\"}}],\"inLanguage\":\"fr-FR\"},{\"@type\":\"Organization\",\"@id\":\"https:\\\/\\\/officetransportspoetik.com\\\/#organization\",\"name\":\"Office des Transports Po\u00e9tik\",\"url\":\"https:\\\/\\\/officetransportspoetik.com\\\/\",\"logo\":{\"@type\":\"ImageObject\",\"inLanguage\":\"fr-FR\",\"@id\":\"https:\\\/\\\/officetransportspoetik.com\\\/#\\\/schema\\\/logo\\\/image\\\/\",\"url\":\"https:\\\/\\\/officetransportspoetik.com\\\/wp-content\\\/uploads\\\/2023\\\/01\\\/logo-Office-rouge-pour-programme-festival-2022.jpg\",\"contentUrl\":\"https:\\\/\\\/officetransportspoetik.com\\\/wp-content\\\/uploads\\\/2023\\\/01\\\/logo-Office-rouge-pour-programme-festival-2022.jpg\",\"width\":1200,\"height\":500,\"caption\":\"Office des Transports Po\u00e9tik\"},\"image\":{\"@id\":\"https:\\\/\\\/officetransportspoetik.com\\\/#\\\/schema\\\/logo\\\/image\\\/\"},\"sameAs\":[\"https:\\\/\\\/www.facebook.com\\\/officedestransportspoetik\",\"https:\\\/\\\/www.instagram.com\\\/office_des_transports_poetik\\\/\"]}]}<\/script>\n<!-- \/ Yoast SEO plugin. -->","yoast_head_json":{"title":"JEUDI 25 JUIN 2026 - ELISABETH CHABUEL &amp; DJ ACTRESS M - Office des Transports Po\u00e9tik","robots":{"index":"index","follow":"follow","max-snippet":"max-snippet:-1","max-image-preview":"max-image-preview:large","max-video-preview":"max-video-preview:-1"},"canonical":"https:\/\/officetransportspoetik.com\/index.php\/jeudi-25-juin-2026-elisabeth-chabuel-dj-actress-m\/","og_locale":"fr_FR","og_type":"article","og_title":"JEUDI 25 JUIN 2026 - ELISABETH CHABUEL &amp; DJ ACTRESS M - Office des Transports Po\u00e9tik","og_description":"JEUDI 25 JUIN 2026 \/ BIFRUK-CAF\u00c9 ELIABETH CHABUEL &amp; DJ ACTRESS M cr\u00e9ations po\u00e9sie &amp; musiques \u00e9lectroniques + sc\u00e8ne ouverte 19H30 gratuit \/ sans r\u00e9servation PO\u00c9TIK \u00c9LECTRO ! Un concept dont on ne se lasse pas depuis la premi\u00e8re \u00e9dition du festival. Les publics, les auteurs, les autrices et les artistes de la sc\u00e8ne \u00e9lectronique [&hellip;]","og_url":"https:\/\/officetransportspoetik.com\/index.php\/jeudi-25-juin-2026-elisabeth-chabuel-dj-actress-m\/","og_site_name":"Office des Transports Po\u00e9tik","article_publisher":"https:\/\/www.facebook.com\/officedestransportspoetik","article_modified_time":"2026-04-13T14:10:06+00:00","og_image":[{"width":1811,"height":2560,"url":"https:\/\/officetransportspoetik.com\/wp-content\/uploads\/2026\/03\/E.-CHABUEL-scaled.jpg","type":"image\/jpeg"}],"twitter_card":"summary_large_image","twitter_misc":{"Dur\u00e9e de lecture estim\u00e9e":"2 minutes"},"schema":{"@context":"https:\/\/schema.org","@graph":[{"@type":"WebPage","@id":"https:\/\/officetransportspoetik.com\/index.php\/jeudi-25-juin-2026-elisabeth-chabuel-dj-actress-m\/","url":"https:\/\/officetransportspoetik.com\/index.php\/jeudi-25-juin-2026-elisabeth-chabuel-dj-actress-m\/","name":"JEUDI 25 JUIN 2026 - ELISABETH CHABUEL &amp; DJ ACTRESS M - Office des Transports Po\u00e9tik","isPartOf":{"@id":"https:\/\/officetransportspoetik.com\/#website"},"primaryImageOfPage":{"@id":"https:\/\/officetransportspoetik.com\/index.php\/jeudi-25-juin-2026-elisabeth-chabuel-dj-actress-m\/#primaryimage"},"image":{"@id":"https:\/\/officetransportspoetik.com\/index.php\/jeudi-25-juin-2026-elisabeth-chabuel-dj-actress-m\/#primaryimage"},"thumbnailUrl":"https:\/\/officetransportspoetik.com\/wp-content\/uploads\/2026\/03\/E.-CHABUEL-396x360.jpg","datePublished":"2026-04-13T14:03:37+00:00","dateModified":"2026-04-13T14:10:06+00:00","breadcrumb":{"@id":"https:\/\/officetransportspoetik.com\/index.php\/jeudi-25-juin-2026-elisabeth-chabuel-dj-actress-m\/#breadcrumb"},"inLanguage":"fr-FR","potentialAction":[{"@type":"ReadAction","target":["https:\/\/officetransportspoetik.com\/index.php\/jeudi-25-juin-2026-elisabeth-chabuel-dj-actress-m\/"]}]},{"@type":"ImageObject","inLanguage":"fr-FR","@id":"https:\/\/officetransportspoetik.com\/index.php\/jeudi-25-juin-2026-elisabeth-chabuel-dj-actress-m\/#primaryimage","url":"https:\/\/officetransportspoetik.com\/wp-content\/uploads\/2026\/03\/E.-CHABUEL-scaled.jpg","contentUrl":"https:\/\/officetransportspoetik.com\/wp-content\/uploads\/2026\/03\/E.-CHABUEL-scaled.jpg","width":1811,"height":2560},{"@type":"BreadcrumbList","@id":"https:\/\/officetransportspoetik.com\/index.php\/jeudi-25-juin-2026-elisabeth-chabuel-dj-actress-m\/#breadcrumb","itemListElement":[{"@type":"ListItem","position":1,"name":"Accueil","item":"https:\/\/officetransportspoetik.com\/"},{"@type":"ListItem","position":2,"name":"JEUDI 25 JUIN 2026 &#8211; ELISABETH CHABUEL &amp; DJ ACTRESS M"}]},{"@type":"WebSite","@id":"https:\/\/officetransportspoetik.com\/#website","url":"https:\/\/officetransportspoetik.com\/","name":"Office des Transports Po\u00e9tik","description":"autour des \u00e9critures po\u00e9tiques contemporaines","publisher":{"@id":"https:\/\/officetransportspoetik.com\/#organization"},"potentialAction":[{"@type":"SearchAction","target":{"@type":"EntryPoint","urlTemplate":"https:\/\/officetransportspoetik.com\/?s={search_term_string}"},"query-input":{"@type":"PropertyValueSpecification","valueRequired":true,"valueName":"search_term_string"}}],"inLanguage":"fr-FR"},{"@type":"Organization","@id":"https:\/\/officetransportspoetik.com\/#organization","name":"Office des Transports Po\u00e9tik","url":"https:\/\/officetransportspoetik.com\/","logo":{"@type":"ImageObject","inLanguage":"fr-FR","@id":"https:\/\/officetransportspoetik.com\/#\/schema\/logo\/image\/","url":"https:\/\/officetransportspoetik.com\/wp-content\/uploads\/2023\/01\/logo-Office-rouge-pour-programme-festival-2022.jpg","contentUrl":"https:\/\/officetransportspoetik.com\/wp-content\/uploads\/2023\/01\/logo-Office-rouge-pour-programme-festival-2022.jpg","width":1200,"height":500,"caption":"Office des Transports Po\u00e9tik"},"image":{"@id":"https:\/\/officetransportspoetik.com\/#\/schema\/logo\/image\/"},"sameAs":["https:\/\/www.facebook.com\/officedestransportspoetik","https:\/\/www.instagram.com\/office_des_transports_poetik\/"]}]}},"_links":{"self":[{"href":"https:\/\/officetransportspoetik.com\/index.php\/wp-json\/wp\/v2\/pages\/5598","targetHints":{"allow":["GET"]}}],"collection":[{"href":"https:\/\/officetransportspoetik.com\/index.php\/wp-json\/wp\/v2\/pages"}],"about":[{"href":"https:\/\/officetransportspoetik.com\/index.php\/wp-json\/wp\/v2\/types\/page"}],"author":[{"embeddable":true,"href":"https:\/\/officetransportspoetik.com\/index.php\/wp-json\/wp\/v2\/users\/1"}],"replies":[{"embeddable":true,"href":"https:\/\/officetransportspoetik.com\/index.php\/wp-json\/wp\/v2\/comments?post=5598"}],"version-history":[{"count":22,"href":"https:\/\/officetransportspoetik.com\/index.php\/wp-json\/wp\/v2\/pages\/5598\/revisions"}],"predecessor-version":[{"id":5620,"href":"https:\/\/officetransportspoetik.com\/index.php\/wp-json\/wp\/v2\/pages\/5598\/revisions\/5620"}],"wp:attachment":[{"href":"https:\/\/officetransportspoetik.com\/index.php\/wp-json\/wp\/v2\/media?parent=5598"}],"curies":[{"name":"wp","href":"https:\/\/api.w.org\/{rel}","templated":true}]}}