{"id":4899,"date":"2025-04-28T12:27:59","date_gmt":"2025-04-28T10:27:59","guid":{"rendered":"https:\/\/officetransportspoetik.com\/?page_id=4899"},"modified":"2025-05-05T17:35:28","modified_gmt":"2025-05-05T15:35:28","slug":"jeu-on-saimant-de-gaetan-doremus","status":"publish","type":"page","link":"https:\/\/officetransportspoetik.com\/index.php\/jeu-on-saimant-de-gaetan-doremus\/","title":{"rendered":"Jeu \u00ab\u00a0On s&rsquo;aimant\u00a0\u00bb de Gaetan Doremus"},"content":{"rendered":"\t\t<div data-elementor-type=\"wp-page\" data-elementor-id=\"4899\" class=\"elementor elementor-4899\">\n\t\t\t\t\t\t<section class=\"elementor-section elementor-top-section elementor-element elementor-element-f036909 elementor-section-boxed elementor-section-height-default elementor-section-height-default\" data-id=\"f036909\" data-element_type=\"section\" data-e-type=\"section\">\n\t\t\t\t\t\t<div class=\"elementor-container elementor-column-gap-default\">\n\t\t\t\t\t<div class=\"elementor-column elementor-col-100 elementor-top-column elementor-element elementor-element-4c491172\" data-id=\"4c491172\" data-element_type=\"column\" data-e-type=\"column\">\n\t\t\t<div class=\"elementor-widget-wrap elementor-element-populated\">\n\t\t\t\t\t\t<div class=\"elementor-element elementor-element-74d266ea elementor-widget elementor-widget-heading\" data-id=\"74d266ea\" data-element_type=\"widget\" data-e-type=\"widget\" data-widget_type=\"heading.default\">\n\t\t\t\t<div class=\"elementor-widget-container\">\n\t\t\t\t\t<h2 class=\"elementor-heading-title elementor-size-default\">jeu de GAETAN DOREMUS \"En s'aimant\" - Biblioth\u00e8que Mafalda \/ Grenoble<\/h2>\t\t\t\t<\/div>\n\t\t\t\t<\/div>\n\t\t\t\t<div class=\"elementor-element elementor-element-125fc0e2 elementor-widget-divider--view-line elementor-widget elementor-widget-divider\" data-id=\"125fc0e2\" data-element_type=\"widget\" data-e-type=\"widget\" data-widget_type=\"divider.default\">\n\t\t\t\t<div class=\"elementor-widget-container\">\n\t\t\t\t\t\t\t<div class=\"elementor-divider\">\n\t\t\t<span class=\"elementor-divider-separator\">\n\t\t\t\t\t\t<\/span>\n\t\t<\/div>\n\t\t\t\t\t\t<\/div>\n\t\t\t\t<\/div>\n\t\t\t\t\t<\/div>\n\t\t<\/div>\n\t\t\t\t\t<\/div>\n\t\t<\/section>\n\t\t\t\t<section class=\"elementor-section elementor-top-section elementor-element elementor-element-47daa2d1 elementor-section-boxed elementor-section-height-default elementor-section-height-default\" data-id=\"47daa2d1\" data-element_type=\"section\" data-e-type=\"section\">\n\t\t\t\t\t\t<div class=\"elementor-container elementor-column-gap-default\">\n\t\t\t\t\t<div class=\"elementor-column elementor-col-50 elementor-top-column elementor-element elementor-element-1e35e933\" data-id=\"1e35e933\" data-element_type=\"column\" data-e-type=\"column\">\n\t\t\t<div class=\"elementor-widget-wrap elementor-element-populated\">\n\t\t\t\t\t\t<div class=\"elementor-element elementor-element-647f4dd5 elementor-widget elementor-widget-text-editor\" data-id=\"647f4dd5\" data-element_type=\"widget\" data-e-type=\"widget\" data-widget_type=\"text-editor.default\">\n\t\t\t\t<div class=\"elementor-widget-container\">\n\t\t\t\t\t\t\t\t\t<h2>14 &gt; 29 JUIN<\/h2><div>Animations :\u00a0 samedi 14, 21 et 28 juin \u00e0 16H<\/div><p><em>gratuit \/ sans r\u00e9servation<\/em><\/p><p><i>1 place de Gordes, Grenoble<\/i><\/p>\t\t\t\t\t\t\t\t<\/div>\n\t\t\t\t<\/div>\n\t\t\t\t<div class=\"elementor-element elementor-element-c9b4eaa elementor-widget-divider--view-line elementor-widget elementor-widget-divider\" data-id=\"c9b4eaa\" data-element_type=\"widget\" data-e-type=\"widget\" data-widget_type=\"divider.default\">\n\t\t\t\t<div class=\"elementor-widget-container\">\n\t\t\t\t\t\t\t<div class=\"elementor-divider\">\n\t\t\t<span class=\"elementor-divider-separator\">\n\t\t\t\t\t\t<\/span>\n\t\t<\/div>\n\t\t\t\t\t\t<\/div>\n\t\t\t\t<\/div>\n\t\t\t\t<div class=\"elementor-element elementor-element-57d05cb1 elementor-widget elementor-widget-text-editor\" data-id=\"57d05cb1\" data-element_type=\"widget\" data-e-type=\"widget\" data-widget_type=\"text-editor.default\">\n\t\t\t\t<div class=\"elementor-widget-container\">\n\t\t\t\t\t\t\t\t\t<p>Un jeu de cubes aimant\u00e9s qui met \u00e0 profit le ph\u00e9nom\u00e8ne d\u2019attirance\/r\u00e9pulsion des p\u00f4les pour raconter une histoire. Un jeu de 9 cubes pour se raconter le chaud et le froid, la rencontre heureuse de deux univers que rien ne destinait \u00e0 se croiser. Imagin\u00e9 autour du livre Tout doux de Ga\u00ebtan Dor\u00e9mus, ce jeu permet de revisiter et s\u2019approprier avec les plus jeunes l\u2019histoire de cet ours polaire oblig\u00e9 de quitter son igloo menac\u00e9 par le r\u00e9chauffement climatique. Les cubes, discr\u00e8tement aimant\u00e9s, permettent aux images de s\u2019attirer ou se repousser en fonction de leur couleur. Le neuvi\u00e8me cube fait le lien entre les 2 couleurs, entre les 2 ours, entre les univers du chaud et du froid et permet d\u2019ouvrir l\u2019\u00e9change et la discussion.<\/p><p>Texte et images : Ga\u00ebtan Dor\u00e9mus &amp; Sylvain Moreau<\/p><p>Conception : Ga\u00ebtan Dor\u00e9mus &amp; Sylvain Moreau<\/p><p>Fabrication : Sylvain Moreau<\/p><p>Avec l\u2019aimable autorisation des \u00e9ditions du Rouergue<\/p>\t\t\t\t\t\t\t\t<\/div>\n\t\t\t\t<\/div>\n\t\t\t\t<div class=\"elementor-element elementor-element-ab8d268 elementor-widget elementor-widget-text-editor\" data-id=\"ab8d268\" data-element_type=\"widget\" data-e-type=\"widget\" data-widget_type=\"text-editor.default\">\n\t\t\t\t<div class=\"elementor-widget-container\">\n\t\t\t\t\t\t\t\t\t<p><strong>Partenaires associ\u00e9s : Centre de cr\u00e9ations pour l&rsquo;enfance<\/strong><\/p>\t\t\t\t\t\t\t\t<\/div>\n\t\t\t\t<\/div>\n\t\t\t\t\t<\/div>\n\t\t<\/div>\n\t\t\t\t<div class=\"elementor-column elementor-col-50 elementor-top-column elementor-element elementor-element-2d5b92b3\" data-id=\"2d5b92b3\" data-element_type=\"column\" data-e-type=\"column\">\n\t\t\t<div class=\"elementor-widget-wrap elementor-element-populated\">\n\t\t\t\t\t\t<section class=\"elementor-section elementor-inner-section elementor-element elementor-element-6d71aa32 elementor-section-boxed elementor-section-height-default elementor-section-height-default\" data-id=\"6d71aa32\" data-element_type=\"section\" data-e-type=\"section\">\n\t\t\t\t\t\t<div class=\"elementor-container elementor-column-gap-default\">\n\t\t\t\t\t<div class=\"elementor-column elementor-col-100 elementor-inner-column elementor-element elementor-element-528732ca\" data-id=\"528732ca\" data-element_type=\"column\" data-e-type=\"column\">\n\t\t\t<div class=\"elementor-widget-wrap elementor-element-populated\">\n\t\t\t\t\t\t<div class=\"elementor-element elementor-element-5c7edf83 elementor-widget elementor-widget-image\" data-id=\"5c7edf83\" data-element_type=\"widget\" data-e-type=\"widget\" data-widget_type=\"image.default\">\n\t\t\t\t<div class=\"elementor-widget-container\">\n\t\t\t\t\t\t\t\t\t\t\t\t\t\t\t<img fetchpriority=\"high\" decoding=\"async\" width=\"300\" height=\"215\" src=\"https:\/\/officetransportspoetik.com\/wp-content\/uploads\/2025\/04\/En-s-aimant-01-03-300x215.webp\" class=\"attachment-medium size-medium wp-image-4657\" alt=\"\" srcset=\"https:\/\/officetransportspoetik.com\/wp-content\/uploads\/2025\/04\/En-s-aimant-01-03-300x215.webp 300w, https:\/\/officetransportspoetik.com\/wp-content\/uploads\/2025\/04\/En-s-aimant-01-03-1024x735.webp 1024w, https:\/\/officetransportspoetik.com\/wp-content\/uploads\/2025\/04\/En-s-aimant-01-03-768x551.webp 768w, https:\/\/officetransportspoetik.com\/wp-content\/uploads\/2025\/04\/En-s-aimant-01-03.webp 1166w\" sizes=\"(max-width: 300px) 100vw, 300px\" \/>\t\t\t\t\t\t\t\t\t\t\t\t\t\t\t<\/div>\n\t\t\t\t<\/div>\n\t\t\t\t\t<\/div>\n\t\t<\/div>\n\t\t\t\t\t<\/div>\n\t\t<\/section>\n\t\t\t\t\t<\/div>\n\t\t<\/div>\n\t\t\t\t\t<\/div>\n\t\t<\/section>\n\t\t\t\t<\/div>\n\t\t","protected":false},"excerpt":{"rendered":"<p>jeu de GAETAN DOREMUS \u00ab\u00a0En s&rsquo;aimant\u00a0\u00bb &#8211; Biblioth\u00e8que Mafalda \/ Grenoble 14 &gt; 29 JUIN Animations :\u00a0 samedi 14, 21 et 28 juin \u00e0 16H gratuit \/ sans r\u00e9servation 1 place de Gordes, Grenoble Un jeu de cubes aimant\u00e9s qui met \u00e0 profit le ph\u00e9nom\u00e8ne d\u2019attirance\/r\u00e9pulsion des p\u00f4les pour raconter une histoire. Un jeu de [&hellip;]<\/p>\n","protected":false},"author":1,"featured_media":0,"parent":0,"menu_order":0,"comment_status":"closed","ping_status":"closed","template":"templates\/landing.php","meta":{"ocean_post_layout":"","ocean_both_sidebars_style":"","ocean_both_sidebars_content_width":0,"ocean_both_sidebars_sidebars_width":0,"ocean_sidebar":"","ocean_second_sidebar":"","ocean_disable_margins":"enable","ocean_add_body_class":"","ocean_shortcode_before_top_bar":"","ocean_shortcode_after_top_bar":"","ocean_shortcode_before_header":"","ocean_shortcode_after_header":"","ocean_has_shortcode":"","ocean_shortcode_after_title":"","ocean_shortcode_before_footer_widgets":"","ocean_shortcode_after_footer_widgets":"","ocean_shortcode_before_footer_bottom":"","ocean_shortcode_after_footer_bottom":"","ocean_display_top_bar":"default","ocean_display_header":"default","ocean_header_style":"","ocean_center_header_left_menu":"","ocean_custom_header_template":"","ocean_custom_logo":0,"ocean_custom_retina_logo":0,"ocean_custom_logo_max_width":0,"ocean_custom_logo_tablet_max_width":0,"ocean_custom_logo_mobile_max_width":0,"ocean_custom_logo_max_height":0,"ocean_custom_logo_tablet_max_height":0,"ocean_custom_logo_mobile_max_height":0,"ocean_header_custom_menu":"","ocean_menu_typo_font_family":"","ocean_menu_typo_font_subset":"","ocean_menu_typo_font_size":0,"ocean_menu_typo_font_size_tablet":0,"ocean_menu_typo_font_size_mobile":0,"ocean_menu_typo_font_size_unit":"px","ocean_menu_typo_font_weight":"","ocean_menu_typo_font_weight_tablet":"","ocean_menu_typo_font_weight_mobile":"","ocean_menu_typo_transform":"","ocean_menu_typo_transform_tablet":"","ocean_menu_typo_transform_mobile":"","ocean_menu_typo_line_height":0,"ocean_menu_typo_line_height_tablet":0,"ocean_menu_typo_line_height_mobile":0,"ocean_menu_typo_line_height_unit":"","ocean_menu_typo_spacing":0,"ocean_menu_typo_spacing_tablet":0,"ocean_menu_typo_spacing_mobile":0,"ocean_menu_typo_spacing_unit":"","ocean_menu_link_color":"","ocean_menu_link_color_hover":"","ocean_menu_link_color_active":"","ocean_menu_link_background":"","ocean_menu_link_hover_background":"","ocean_menu_link_active_background":"","ocean_menu_social_links_bg":"","ocean_menu_social_hover_links_bg":"","ocean_menu_social_links_color":"","ocean_menu_social_hover_links_color":"","ocean_disable_title":"default","ocean_disable_heading":"default","ocean_post_title":"","ocean_post_subheading":"","ocean_post_title_style":"","ocean_post_title_background_color":"","ocean_post_title_background":0,"ocean_post_title_bg_image_position":"","ocean_post_title_bg_image_attachment":"","ocean_post_title_bg_image_repeat":"","ocean_post_title_bg_image_size":"","ocean_post_title_height":0,"ocean_post_title_bg_overlay":0.5,"ocean_post_title_bg_overlay_color":"","ocean_disable_breadcrumbs":"default","ocean_breadcrumbs_color":"","ocean_breadcrumbs_separator_color":"","ocean_breadcrumbs_links_color":"","ocean_breadcrumbs_links_hover_color":"","ocean_display_footer_widgets":"default","ocean_display_footer_bottom":"default","ocean_custom_footer_template":"","footnotes":""},"class_list":["post-4899","page","type-page","status-publish","hentry","entry"],"yoast_head":"<!-- This site is optimized with the Yoast SEO plugin v27.5 - https:\/\/yoast.com\/product\/yoast-seo-wordpress\/ -->\n<title>Jeu &quot;On s&#039;aimant&quot; de Gaetan Doremus - Office des Transports Po\u00e9tik<\/title>\n<meta name=\"robots\" content=\"index, follow, max-snippet:-1, max-image-preview:large, max-video-preview:-1\" \/>\n<link rel=\"canonical\" href=\"https:\/\/officetransportspoetik.com\/index.php\/jeu-on-saimant-de-gaetan-doremus\/\" \/>\n<meta property=\"og:locale\" content=\"fr_FR\" \/>\n<meta property=\"og:type\" content=\"article\" \/>\n<meta property=\"og:title\" content=\"Jeu &quot;On s&#039;aimant&quot; de Gaetan Doremus - Office des Transports Po\u00e9tik\" \/>\n<meta property=\"og:description\" content=\"jeu de GAETAN DOREMUS \u00ab\u00a0En s&rsquo;aimant\u00a0\u00bb &#8211; Biblioth\u00e8que Mafalda \/ Grenoble 14 &gt; 29 JUIN Animations :\u00a0 samedi 14, 21 et 28 juin \u00e0 16H gratuit \/ sans r\u00e9servation 1 place de Gordes, Grenoble Un jeu de cubes aimant\u00e9s qui met \u00e0 profit le ph\u00e9nom\u00e8ne d\u2019attirance\/r\u00e9pulsion des p\u00f4les pour raconter une histoire. Un jeu de [&hellip;]\" \/>\n<meta property=\"og:url\" content=\"https:\/\/officetransportspoetik.com\/index.php\/jeu-on-saimant-de-gaetan-doremus\/\" \/>\n<meta property=\"og:site_name\" content=\"Office des Transports Po\u00e9tik\" \/>\n<meta property=\"article:publisher\" content=\"https:\/\/www.facebook.com\/officedestransportspoetik\" \/>\n<meta property=\"article:modified_time\" content=\"2025-05-05T15:35:28+00:00\" \/>\n<meta property=\"og:image\" content=\"https:\/\/officetransportspoetik.com\/wp-content\/uploads\/2025\/04\/En-s-aimant-01-03.webp\" \/>\n\t<meta property=\"og:image:width\" content=\"1166\" \/>\n\t<meta property=\"og:image:height\" content=\"837\" \/>\n\t<meta property=\"og:image:type\" content=\"image\/webp\" \/>\n<meta name=\"twitter:card\" content=\"summary_large_image\" \/>\n<meta name=\"twitter:label1\" content=\"Dur\u00e9e de lecture estim\u00e9e\" \/>\n\t<meta name=\"twitter:data1\" content=\"2 minutes\" \/>\n<script type=\"application\/ld+json\" class=\"yoast-schema-graph\">{\"@context\":\"https:\\\/\\\/schema.org\",\"@graph\":[{\"@type\":\"WebPage\",\"@id\":\"https:\\\/\\\/officetransportspoetik.com\\\/index.php\\\/jeu-on-saimant-de-gaetan-doremus\\\/\",\"url\":\"https:\\\/\\\/officetransportspoetik.com\\\/index.php\\\/jeu-on-saimant-de-gaetan-doremus\\\/\",\"name\":\"Jeu \\\"On s'aimant\\\" de Gaetan Doremus - Office des Transports Po\u00e9tik\",\"isPartOf\":{\"@id\":\"https:\\\/\\\/officetransportspoetik.com\\\/#website\"},\"primaryImageOfPage\":{\"@id\":\"https:\\\/\\\/officetransportspoetik.com\\\/index.php\\\/jeu-on-saimant-de-gaetan-doremus\\\/#primaryimage\"},\"image\":{\"@id\":\"https:\\\/\\\/officetransportspoetik.com\\\/index.php\\\/jeu-on-saimant-de-gaetan-doremus\\\/#primaryimage\"},\"thumbnailUrl\":\"https:\\\/\\\/officetransportspoetik.com\\\/wp-content\\\/uploads\\\/2025\\\/04\\\/En-s-aimant-01-03-300x215.webp\",\"datePublished\":\"2025-04-28T10:27:59+00:00\",\"dateModified\":\"2025-05-05T15:35:28+00:00\",\"breadcrumb\":{\"@id\":\"https:\\\/\\\/officetransportspoetik.com\\\/index.php\\\/jeu-on-saimant-de-gaetan-doremus\\\/#breadcrumb\"},\"inLanguage\":\"fr-FR\",\"potentialAction\":[{\"@type\":\"ReadAction\",\"target\":[\"https:\\\/\\\/officetransportspoetik.com\\\/index.php\\\/jeu-on-saimant-de-gaetan-doremus\\\/\"]}]},{\"@type\":\"ImageObject\",\"inLanguage\":\"fr-FR\",\"@id\":\"https:\\\/\\\/officetransportspoetik.com\\\/index.php\\\/jeu-on-saimant-de-gaetan-doremus\\\/#primaryimage\",\"url\":\"https:\\\/\\\/officetransportspoetik.com\\\/wp-content\\\/uploads\\\/2025\\\/04\\\/En-s-aimant-01-03.webp\",\"contentUrl\":\"https:\\\/\\\/officetransportspoetik.com\\\/wp-content\\\/uploads\\\/2025\\\/04\\\/En-s-aimant-01-03.webp\",\"width\":1166,\"height\":837},{\"@type\":\"BreadcrumbList\",\"@id\":\"https:\\\/\\\/officetransportspoetik.com\\\/index.php\\\/jeu-on-saimant-de-gaetan-doremus\\\/#breadcrumb\",\"itemListElement\":[{\"@type\":\"ListItem\",\"position\":1,\"name\":\"Accueil\",\"item\":\"https:\\\/\\\/officetransportspoetik.com\\\/\"},{\"@type\":\"ListItem\",\"position\":2,\"name\":\"Jeu \u00ab\u00a0On s&rsquo;aimant\u00a0\u00bb de Gaetan Doremus\"}]},{\"@type\":\"WebSite\",\"@id\":\"https:\\\/\\\/officetransportspoetik.com\\\/#website\",\"url\":\"https:\\\/\\\/officetransportspoetik.com\\\/\",\"name\":\"Office des Transports Po\u00e9tik\",\"description\":\"autour des \u00e9critures po\u00e9tiques contemporaines\",\"publisher\":{\"@id\":\"https:\\\/\\\/officetransportspoetik.com\\\/#organization\"},\"potentialAction\":[{\"@type\":\"SearchAction\",\"target\":{\"@type\":\"EntryPoint\",\"urlTemplate\":\"https:\\\/\\\/officetransportspoetik.com\\\/?s={search_term_string}\"},\"query-input\":{\"@type\":\"PropertyValueSpecification\",\"valueRequired\":true,\"valueName\":\"search_term_string\"}}],\"inLanguage\":\"fr-FR\"},{\"@type\":\"Organization\",\"@id\":\"https:\\\/\\\/officetransportspoetik.com\\\/#organization\",\"name\":\"Office des Transports Po\u00e9tik\",\"url\":\"https:\\\/\\\/officetransportspoetik.com\\\/\",\"logo\":{\"@type\":\"ImageObject\",\"inLanguage\":\"fr-FR\",\"@id\":\"https:\\\/\\\/officetransportspoetik.com\\\/#\\\/schema\\\/logo\\\/image\\\/\",\"url\":\"https:\\\/\\\/officetransportspoetik.com\\\/wp-content\\\/uploads\\\/2023\\\/01\\\/logo-Office-rouge-pour-programme-festival-2022.jpg\",\"contentUrl\":\"https:\\\/\\\/officetransportspoetik.com\\\/wp-content\\\/uploads\\\/2023\\\/01\\\/logo-Office-rouge-pour-programme-festival-2022.jpg\",\"width\":1200,\"height\":500,\"caption\":\"Office des Transports Po\u00e9tik\"},\"image\":{\"@id\":\"https:\\\/\\\/officetransportspoetik.com\\\/#\\\/schema\\\/logo\\\/image\\\/\"},\"sameAs\":[\"https:\\\/\\\/www.facebook.com\\\/officedestransportspoetik\",\"https:\\\/\\\/www.instagram.com\\\/office_des_transports_poetik\\\/\"]}]}<\/script>\n<!-- \/ Yoast SEO plugin. -->","yoast_head_json":{"title":"Jeu \"On s'aimant\" de Gaetan Doremus - Office des Transports Po\u00e9tik","robots":{"index":"index","follow":"follow","max-snippet":"max-snippet:-1","max-image-preview":"max-image-preview:large","max-video-preview":"max-video-preview:-1"},"canonical":"https:\/\/officetransportspoetik.com\/index.php\/jeu-on-saimant-de-gaetan-doremus\/","og_locale":"fr_FR","og_type":"article","og_title":"Jeu \"On s'aimant\" de Gaetan Doremus - Office des Transports Po\u00e9tik","og_description":"jeu de GAETAN DOREMUS \u00ab\u00a0En s&rsquo;aimant\u00a0\u00bb &#8211; Biblioth\u00e8que Mafalda \/ Grenoble 14 &gt; 29 JUIN Animations :\u00a0 samedi 14, 21 et 28 juin \u00e0 16H gratuit \/ sans r\u00e9servation 1 place de Gordes, Grenoble Un jeu de cubes aimant\u00e9s qui met \u00e0 profit le ph\u00e9nom\u00e8ne d\u2019attirance\/r\u00e9pulsion des p\u00f4les pour raconter une histoire. Un jeu de [&hellip;]","og_url":"https:\/\/officetransportspoetik.com\/index.php\/jeu-on-saimant-de-gaetan-doremus\/","og_site_name":"Office des Transports Po\u00e9tik","article_publisher":"https:\/\/www.facebook.com\/officedestransportspoetik","article_modified_time":"2025-05-05T15:35:28+00:00","og_image":[{"width":1166,"height":837,"url":"https:\/\/officetransportspoetik.com\/wp-content\/uploads\/2025\/04\/En-s-aimant-01-03.webp","type":"image\/webp"}],"twitter_card":"summary_large_image","twitter_misc":{"Dur\u00e9e de lecture estim\u00e9e":"2 minutes"},"schema":{"@context":"https:\/\/schema.org","@graph":[{"@type":"WebPage","@id":"https:\/\/officetransportspoetik.com\/index.php\/jeu-on-saimant-de-gaetan-doremus\/","url":"https:\/\/officetransportspoetik.com\/index.php\/jeu-on-saimant-de-gaetan-doremus\/","name":"Jeu \"On s'aimant\" de Gaetan Doremus - Office des Transports Po\u00e9tik","isPartOf":{"@id":"https:\/\/officetransportspoetik.com\/#website"},"primaryImageOfPage":{"@id":"https:\/\/officetransportspoetik.com\/index.php\/jeu-on-saimant-de-gaetan-doremus\/#primaryimage"},"image":{"@id":"https:\/\/officetransportspoetik.com\/index.php\/jeu-on-saimant-de-gaetan-doremus\/#primaryimage"},"thumbnailUrl":"https:\/\/officetransportspoetik.com\/wp-content\/uploads\/2025\/04\/En-s-aimant-01-03-300x215.webp","datePublished":"2025-04-28T10:27:59+00:00","dateModified":"2025-05-05T15:35:28+00:00","breadcrumb":{"@id":"https:\/\/officetransportspoetik.com\/index.php\/jeu-on-saimant-de-gaetan-doremus\/#breadcrumb"},"inLanguage":"fr-FR","potentialAction":[{"@type":"ReadAction","target":["https:\/\/officetransportspoetik.com\/index.php\/jeu-on-saimant-de-gaetan-doremus\/"]}]},{"@type":"ImageObject","inLanguage":"fr-FR","@id":"https:\/\/officetransportspoetik.com\/index.php\/jeu-on-saimant-de-gaetan-doremus\/#primaryimage","url":"https:\/\/officetransportspoetik.com\/wp-content\/uploads\/2025\/04\/En-s-aimant-01-03.webp","contentUrl":"https:\/\/officetransportspoetik.com\/wp-content\/uploads\/2025\/04\/En-s-aimant-01-03.webp","width":1166,"height":837},{"@type":"BreadcrumbList","@id":"https:\/\/officetransportspoetik.com\/index.php\/jeu-on-saimant-de-gaetan-doremus\/#breadcrumb","itemListElement":[{"@type":"ListItem","position":1,"name":"Accueil","item":"https:\/\/officetransportspoetik.com\/"},{"@type":"ListItem","position":2,"name":"Jeu \u00ab\u00a0On s&rsquo;aimant\u00a0\u00bb de Gaetan Doremus"}]},{"@type":"WebSite","@id":"https:\/\/officetransportspoetik.com\/#website","url":"https:\/\/officetransportspoetik.com\/","name":"Office des Transports Po\u00e9tik","description":"autour des \u00e9critures po\u00e9tiques contemporaines","publisher":{"@id":"https:\/\/officetransportspoetik.com\/#organization"},"potentialAction":[{"@type":"SearchAction","target":{"@type":"EntryPoint","urlTemplate":"https:\/\/officetransportspoetik.com\/?s={search_term_string}"},"query-input":{"@type":"PropertyValueSpecification","valueRequired":true,"valueName":"search_term_string"}}],"inLanguage":"fr-FR"},{"@type":"Organization","@id":"https:\/\/officetransportspoetik.com\/#organization","name":"Office des Transports Po\u00e9tik","url":"https:\/\/officetransportspoetik.com\/","logo":{"@type":"ImageObject","inLanguage":"fr-FR","@id":"https:\/\/officetransportspoetik.com\/#\/schema\/logo\/image\/","url":"https:\/\/officetransportspoetik.com\/wp-content\/uploads\/2023\/01\/logo-Office-rouge-pour-programme-festival-2022.jpg","contentUrl":"https:\/\/officetransportspoetik.com\/wp-content\/uploads\/2023\/01\/logo-Office-rouge-pour-programme-festival-2022.jpg","width":1200,"height":500,"caption":"Office des Transports Po\u00e9tik"},"image":{"@id":"https:\/\/officetransportspoetik.com\/#\/schema\/logo\/image\/"},"sameAs":["https:\/\/www.facebook.com\/officedestransportspoetik","https:\/\/www.instagram.com\/office_des_transports_poetik\/"]}]}},"_links":{"self":[{"href":"https:\/\/officetransportspoetik.com\/index.php\/wp-json\/wp\/v2\/pages\/4899","targetHints":{"allow":["GET"]}}],"collection":[{"href":"https:\/\/officetransportspoetik.com\/index.php\/wp-json\/wp\/v2\/pages"}],"about":[{"href":"https:\/\/officetransportspoetik.com\/index.php\/wp-json\/wp\/v2\/types\/page"}],"author":[{"embeddable":true,"href":"https:\/\/officetransportspoetik.com\/index.php\/wp-json\/wp\/v2\/users\/1"}],"replies":[{"embeddable":true,"href":"https:\/\/officetransportspoetik.com\/index.php\/wp-json\/wp\/v2\/comments?post=4899"}],"version-history":[{"count":13,"href":"https:\/\/officetransportspoetik.com\/index.php\/wp-json\/wp\/v2\/pages\/4899\/revisions"}],"predecessor-version":[{"id":5018,"href":"https:\/\/officetransportspoetik.com\/index.php\/wp-json\/wp\/v2\/pages\/4899\/revisions\/5018"}],"wp:attachment":[{"href":"https:\/\/officetransportspoetik.com\/index.php\/wp-json\/wp\/v2\/media?parent=4899"}],"curies":[{"name":"wp","href":"https:\/\/api.w.org\/{rel}","templated":true}]}}