{"id":4888,"date":"2025-04-28T11:57:02","date_gmt":"2025-04-28T09:57:02","guid":{"rendered":"https:\/\/officetransportspoetik.com\/?page_id=4888"},"modified":"2025-05-09T20:03:58","modified_gmt":"2025-05-09T18:03:58","slug":"exposition-editions-heros-limite-inventer-editer","status":"publish","type":"page","link":"https:\/\/officetransportspoetik.com\/index.php\/exposition-editions-heros-limite-inventer-editer\/","title":{"rendered":"exposition \u00e9ditions H\u00e9ros-limite : inventer, \u00e9diter"},"content":{"rendered":"\t\t<div data-elementor-type=\"wp-page\" data-elementor-id=\"4888\" class=\"elementor elementor-4888\">\n\t\t\t\t\t\t<section class=\"elementor-section elementor-top-section elementor-element elementor-element-763f0a22 elementor-section-boxed elementor-section-height-default elementor-section-height-default\" data-id=\"763f0a22\" data-element_type=\"section\" data-e-type=\"section\">\n\t\t\t\t\t\t<div class=\"elementor-container elementor-column-gap-default\">\n\t\t\t\t\t<div class=\"elementor-column elementor-col-100 elementor-top-column elementor-element elementor-element-17a4a572\" data-id=\"17a4a572\" data-element_type=\"column\" data-e-type=\"column\">\n\t\t\t<div class=\"elementor-widget-wrap elementor-element-populated\">\n\t\t\t\t\t\t<div class=\"elementor-element elementor-element-4ee09438 elementor-widget elementor-widget-heading\" data-id=\"4ee09438\" data-element_type=\"widget\" data-e-type=\"widget\" data-widget_type=\"heading.default\">\n\t\t\t\t<div class=\"elementor-widget-container\">\n\t\t\t\t\t<h2 class=\"elementor-heading-title elementor-size-default\">5 JUIN - 10 JUILLET \/ EXPOSITION DE GAIA BIAGGI \" H\u00c9ROS-LIMITE ; INVENTER, \u00c9DITER\"<br><br>librairie LES MODERNES \/ GRENOBLE<\/h2>\t\t\t\t<\/div>\n\t\t\t\t<\/div>\n\t\t\t\t<div class=\"elementor-element elementor-element-6c639129 elementor-widget-divider--view-line elementor-widget elementor-widget-divider\" data-id=\"6c639129\" data-element_type=\"widget\" data-e-type=\"widget\" data-widget_type=\"divider.default\">\n\t\t\t\t<div class=\"elementor-widget-container\">\n\t\t\t\t\t\t\t<div class=\"elementor-divider\">\n\t\t\t<span class=\"elementor-divider-separator\">\n\t\t\t\t\t\t<\/span>\n\t\t<\/div>\n\t\t\t\t\t\t<\/div>\n\t\t\t\t<\/div>\n\t\t\t\t\t<\/div>\n\t\t<\/div>\n\t\t\t\t\t<\/div>\n\t\t<\/section>\n\t\t\t\t<section class=\"elementor-section elementor-top-section elementor-element elementor-element-74f37a0 elementor-section-boxed elementor-section-height-default elementor-section-height-default\" data-id=\"74f37a0\" data-element_type=\"section\" data-e-type=\"section\">\n\t\t\t\t\t\t<div class=\"elementor-container elementor-column-gap-default\">\n\t\t\t\t\t<div class=\"elementor-column elementor-col-50 elementor-top-column elementor-element elementor-element-194acb91\" data-id=\"194acb91\" data-element_type=\"column\" data-e-type=\"column\">\n\t\t\t<div class=\"elementor-widget-wrap elementor-element-populated\">\n\t\t\t\t\t\t<div class=\"elementor-element elementor-element-2ac5859c elementor-widget elementor-widget-text-editor\" data-id=\"2ac5859c\" data-element_type=\"widget\" data-e-type=\"widget\" data-widget_type=\"text-editor.default\">\n\t\t\t\t<div class=\"elementor-widget-container\">\n\t\t\t\t\t\t\t\t\t<h2><em style=\"font-size: 14px; color: #4a4a4a;\">gratuit \/ sans r\u00e9servation<\/em><\/h2>\n<p><i>6, rue Lakanal, Grenoble<\/i><\/p>\t\t\t\t\t\t\t\t<\/div>\n\t\t\t\t<\/div>\n\t\t\t\t<section class=\"elementor-section elementor-inner-section elementor-element elementor-element-c96b412 elementor-section-boxed elementor-section-height-default elementor-section-height-default\" data-id=\"c96b412\" data-element_type=\"section\" data-e-type=\"section\">\n\t\t\t\t\t\t<div class=\"elementor-container elementor-column-gap-default\">\n\t\t\t\t\t<div class=\"elementor-column elementor-col-100 elementor-inner-column elementor-element elementor-element-f6b4e47\" data-id=\"f6b4e47\" data-element_type=\"column\" data-e-type=\"column\">\n\t\t\t<div class=\"elementor-widget-wrap elementor-element-populated\">\n\t\t\t\t\t\t<div class=\"elementor-element elementor-element-222748f elementor-widget elementor-widget-text-editor\" data-id=\"222748f\" data-element_type=\"widget\" data-e-type=\"widget\" data-widget_type=\"text-editor.default\">\n\t\t\t\t<div class=\"elementor-widget-container\">\n\t\t\t\t\t\t\t\t\t<p>Exposition qui retrace le travail d\u2019illustration et du graphisme de Gaia Biaggi au sein des \u00e9ditions g\u00e9nevoises H\u00e9ros-limite. Nous plongerons dans une multitude de d\u00e9tails autant pr\u00e9cieux que magiques. Nous nous attarderons dans des chambres au papier peint qui a des oreilles, o\u00f9 nous nous sentirons \u00e9cout\u00e9es et entendues.<\/p>\t\t\t\t\t\t\t\t<\/div>\n\t\t\t\t<\/div>\n\t\t\t\t\t<\/div>\n\t\t<\/div>\n\t\t\t\t\t<\/div>\n\t\t<\/section>\n\t\t\t\t<div class=\"elementor-element elementor-element-42d2366b elementor-widget-divider--view-line elementor-widget elementor-widget-divider\" data-id=\"42d2366b\" data-element_type=\"widget\" data-e-type=\"widget\" data-widget_type=\"divider.default\">\n\t\t\t\t<div class=\"elementor-widget-container\">\n\t\t\t\t\t\t\t<div class=\"elementor-divider\">\n\t\t\t<span class=\"elementor-divider-separator\">\n\t\t\t\t\t\t<\/span>\n\t\t<\/div>\n\t\t\t\t\t\t<\/div>\n\t\t\t\t<\/div>\n\t\t\t\t<div class=\"elementor-element elementor-element-5505ee3a elementor-widget elementor-widget-text-editor\" data-id=\"5505ee3a\" data-element_type=\"widget\" data-e-type=\"widget\" data-widget_type=\"text-editor.default\">\n\t\t\t\t<div class=\"elementor-widget-container\">\n\t\t\t\t\t\t\t\t\t<h5>Les \u00e9ditions H\u00e9ros-Limite ont \u00e9t\u00e9 cr\u00e9\u00e9es en 1994, par Alain Berset, \u00e0 Gen\u00e8ve au milieu de plusieurs tonnes de caract\u00e8res en plomb, d\u2019une presse \u00e0 \u00e9preuves et d\u2019un massicot. Associer un atelier d\u2019imprimerie typographique \u00e0 une maison d\u2019\u00e9dition \u00e9tait li\u00e9 \u00e0 une perception de la litt\u00e9rature. Un point de d\u00e9part. Nous pensons toujours que l\u2019\u00e9criture ne peut \u00eatre qu\u2019artisanale et que les conditions dans lesquelles un livre se con\u00e7oit ne sont pas indiff\u00e9rentes ou anodines. Tout d\u2019abord les \u00e9ditions H\u00e9ros-Limite se sont consacr\u00e9es aux livres d\u2019artistes, \u00e0 la po\u00e9sie visuelle et concr\u00e8te, \u00e0 la po\u00e9sie lorsqu\u2019elle quitte la page imprim\u00e9e. Aujourd\u2019hui, nous nous attachons \u00e0 publier de la prose po\u00e9tique, des r\u00e9cits, plus g\u00e9n\u00e9ralement des \u00e9crits et des documents sonores qui trouvent leur sens dans la recherche d\u2019une forme et donnent ainsi vie \u00e0 l\u2019expression d\u2019une pratique artistique.<\/h5>\t\t\t\t\t\t\t\t<\/div>\n\t\t\t\t<\/div>\n\t\t\t\t\t<\/div>\n\t\t<\/div>\n\t\t\t\t<div class=\"elementor-column elementor-col-50 elementor-top-column elementor-element elementor-element-470f6eb0\" data-id=\"470f6eb0\" data-element_type=\"column\" data-e-type=\"column\">\n\t\t\t<div class=\"elementor-widget-wrap elementor-element-populated\">\n\t\t\t\t\t\t<section class=\"elementor-section elementor-inner-section elementor-element elementor-element-4daa168d elementor-section-boxed elementor-section-height-default elementor-section-height-default\" data-id=\"4daa168d\" data-element_type=\"section\" data-e-type=\"section\">\n\t\t\t\t\t\t<div class=\"elementor-container elementor-column-gap-default\">\n\t\t\t\t\t<div class=\"elementor-column elementor-col-100 elementor-inner-column elementor-element elementor-element-16da07d5\" data-id=\"16da07d5\" data-element_type=\"column\" data-e-type=\"column\">\n\t\t\t<div class=\"elementor-widget-wrap elementor-element-populated\">\n\t\t\t\t\t\t<div class=\"elementor-element elementor-element-3675b2fb elementor-widget elementor-widget-image\" data-id=\"3675b2fb\" data-element_type=\"widget\" data-e-type=\"widget\" data-widget_type=\"image.default\">\n\t\t\t\t<div class=\"elementor-widget-container\">\n\t\t\t\t\t\t\t\t\t\t\t\t\t\t\t<img fetchpriority=\"high\" decoding=\"async\" width=\"225\" height=\"300\" src=\"https:\/\/officetransportspoetik.com\/wp-content\/uploads\/2025\/04\/\u00a9ThomasKeller_2-225x300.jpg\" class=\"attachment-medium size-medium wp-image-4630\" alt=\"\" srcset=\"https:\/\/officetransportspoetik.com\/wp-content\/uploads\/2025\/04\/\u00a9ThomasKeller_2-225x300.jpg 225w, https:\/\/officetransportspoetik.com\/wp-content\/uploads\/2025\/04\/\u00a9ThomasKeller_2-768x1024.jpg 768w, https:\/\/officetransportspoetik.com\/wp-content\/uploads\/2025\/04\/\u00a9ThomasKeller_2-1152x1536.jpg 1152w, https:\/\/officetransportspoetik.com\/wp-content\/uploads\/2025\/04\/\u00a9ThomasKeller_2-1536x2048.jpg 1536w, https:\/\/officetransportspoetik.com\/wp-content\/uploads\/2025\/04\/\u00a9ThomasKeller_2-scaled.jpg 1920w\" sizes=\"(max-width: 225px) 100vw, 225px\" \/>\t\t\t\t\t\t\t\t\t\t\t\t\t\t\t<\/div>\n\t\t\t\t<\/div>\n\t\t\t\t<div class=\"elementor-element elementor-element-2b31d11 elementor-widget elementor-widget-image\" data-id=\"2b31d11\" data-element_type=\"widget\" data-e-type=\"widget\" data-widget_type=\"image.default\">\n\t\t\t\t<div class=\"elementor-widget-container\">\n\t\t\t\t\t\t\t\t\t\t\t\t\t\t\t<img decoding=\"async\" width=\"270\" height=\"300\" src=\"https:\/\/officetransportspoetik.com\/wp-content\/uploads\/2025\/03\/gaia_biaggi-270x300.jpg\" class=\"attachment-medium size-medium wp-image-4545\" alt=\"\" srcset=\"https:\/\/officetransportspoetik.com\/wp-content\/uploads\/2025\/03\/gaia_biaggi-270x300.jpg 270w, https:\/\/officetransportspoetik.com\/wp-content\/uploads\/2025\/03\/gaia_biaggi.jpg 492w\" sizes=\"(max-width: 270px) 100vw, 270px\" \/>\t\t\t\t\t\t\t\t\t\t\t\t\t\t\t<\/div>\n\t\t\t\t<\/div>\n\t\t\t\t\t<\/div>\n\t\t<\/div>\n\t\t\t\t\t<\/div>\n\t\t<\/section>\n\t\t\t\t\t<\/div>\n\t\t<\/div>\n\t\t\t\t\t<\/div>\n\t\t<\/section>\n\t\t\t\t<\/div>\n\t\t","protected":false},"excerpt":{"rendered":"<p>5 JUIN &#8211; 10 JUILLET \/ EXPOSITION DE GAIA BIAGGI \u00a0\u00bb H\u00c9ROS-LIMITE ; INVENTER, \u00c9DITER\u00a0\u00bb librairie LES MODERNES \/ GRENOBLE gratuit \/ sans r\u00e9servation 6, rue Lakanal, Grenoble Exposition qui retrace le travail d\u2019illustration et du graphisme de Gaia Biaggi au sein des \u00e9ditions g\u00e9nevoises H\u00e9ros-limite. Nous plongerons dans une multitude de d\u00e9tails autant pr\u00e9cieux [&hellip;]<\/p>\n","protected":false},"author":1,"featured_media":0,"parent":0,"menu_order":0,"comment_status":"closed","ping_status":"closed","template":"templates\/landing.php","meta":{"ocean_post_layout":"","ocean_both_sidebars_style":"","ocean_both_sidebars_content_width":0,"ocean_both_sidebars_sidebars_width":0,"ocean_sidebar":"","ocean_second_sidebar":"","ocean_disable_margins":"enable","ocean_add_body_class":"","ocean_shortcode_before_top_bar":"","ocean_shortcode_after_top_bar":"","ocean_shortcode_before_header":"","ocean_shortcode_after_header":"","ocean_has_shortcode":"","ocean_shortcode_after_title":"","ocean_shortcode_before_footer_widgets":"","ocean_shortcode_after_footer_widgets":"","ocean_shortcode_before_footer_bottom":"","ocean_shortcode_after_footer_bottom":"","ocean_display_top_bar":"default","ocean_display_header":"default","ocean_header_style":"","ocean_center_header_left_menu":"","ocean_custom_header_template":"","ocean_custom_logo":0,"ocean_custom_retina_logo":0,"ocean_custom_logo_max_width":0,"ocean_custom_logo_tablet_max_width":0,"ocean_custom_logo_mobile_max_width":0,"ocean_custom_logo_max_height":0,"ocean_custom_logo_tablet_max_height":0,"ocean_custom_logo_mobile_max_height":0,"ocean_header_custom_menu":"","ocean_menu_typo_font_family":"","ocean_menu_typo_font_subset":"","ocean_menu_typo_font_size":0,"ocean_menu_typo_font_size_tablet":0,"ocean_menu_typo_font_size_mobile":0,"ocean_menu_typo_font_size_unit":"px","ocean_menu_typo_font_weight":"","ocean_menu_typo_font_weight_tablet":"","ocean_menu_typo_font_weight_mobile":"","ocean_menu_typo_transform":"","ocean_menu_typo_transform_tablet":"","ocean_menu_typo_transform_mobile":"","ocean_menu_typo_line_height":0,"ocean_menu_typo_line_height_tablet":0,"ocean_menu_typo_line_height_mobile":0,"ocean_menu_typo_line_height_unit":"","ocean_menu_typo_spacing":0,"ocean_menu_typo_spacing_tablet":0,"ocean_menu_typo_spacing_mobile":0,"ocean_menu_typo_spacing_unit":"","ocean_menu_link_color":"","ocean_menu_link_color_hover":"","ocean_menu_link_color_active":"","ocean_menu_link_background":"","ocean_menu_link_hover_background":"","ocean_menu_link_active_background":"","ocean_menu_social_links_bg":"","ocean_menu_social_hover_links_bg":"","ocean_menu_social_links_color":"","ocean_menu_social_hover_links_color":"","ocean_disable_title":"default","ocean_disable_heading":"default","ocean_post_title":"","ocean_post_subheading":"","ocean_post_title_style":"","ocean_post_title_background_color":"","ocean_post_title_background":0,"ocean_post_title_bg_image_position":"","ocean_post_title_bg_image_attachment":"","ocean_post_title_bg_image_repeat":"","ocean_post_title_bg_image_size":"","ocean_post_title_height":0,"ocean_post_title_bg_overlay":0.5,"ocean_post_title_bg_overlay_color":"","ocean_disable_breadcrumbs":"default","ocean_breadcrumbs_color":"","ocean_breadcrumbs_separator_color":"","ocean_breadcrumbs_links_color":"","ocean_breadcrumbs_links_hover_color":"","ocean_display_footer_widgets":"default","ocean_display_footer_bottom":"default","ocean_custom_footer_template":"","footnotes":""},"class_list":["post-4888","page","type-page","status-publish","hentry","entry"],"yoast_head":"<!-- This site is optimized with the Yoast SEO plugin v27.5 - https:\/\/yoast.com\/product\/yoast-seo-wordpress\/ -->\n<title>exposition \u00e9ditions H\u00e9ros-limite : inventer, \u00e9diter - Office des Transports Po\u00e9tik<\/title>\n<meta name=\"robots\" content=\"index, follow, max-snippet:-1, max-image-preview:large, max-video-preview:-1\" \/>\n<link rel=\"canonical\" href=\"https:\/\/officetransportspoetik.com\/index.php\/exposition-editions-heros-limite-inventer-editer\/\" \/>\n<meta property=\"og:locale\" content=\"fr_FR\" \/>\n<meta property=\"og:type\" content=\"article\" \/>\n<meta property=\"og:title\" content=\"exposition \u00e9ditions H\u00e9ros-limite : inventer, \u00e9diter - Office des Transports Po\u00e9tik\" \/>\n<meta property=\"og:description\" content=\"5 JUIN &#8211; 10 JUILLET \/ EXPOSITION DE GAIA BIAGGI \u00a0\u00bb H\u00c9ROS-LIMITE ; INVENTER, \u00c9DITER\u00a0\u00bb librairie LES MODERNES \/ GRENOBLE gratuit \/ sans r\u00e9servation 6, rue Lakanal, Grenoble Exposition qui retrace le travail d\u2019illustration et du graphisme de Gaia Biaggi au sein des \u00e9ditions g\u00e9nevoises H\u00e9ros-limite. Nous plongerons dans une multitude de d\u00e9tails autant pr\u00e9cieux [&hellip;]\" \/>\n<meta property=\"og:url\" content=\"https:\/\/officetransportspoetik.com\/index.php\/exposition-editions-heros-limite-inventer-editer\/\" \/>\n<meta property=\"og:site_name\" content=\"Office des Transports Po\u00e9tik\" \/>\n<meta property=\"article:publisher\" content=\"https:\/\/www.facebook.com\/officedestransportspoetik\" \/>\n<meta property=\"article:modified_time\" content=\"2025-05-09T18:03:58+00:00\" \/>\n<meta property=\"og:image\" content=\"https:\/\/officetransportspoetik.com\/wp-content\/uploads\/2025\/03\/gaia_biaggi-270x300.jpg\" \/>\n<meta name=\"twitter:card\" content=\"summary_large_image\" \/>\n<meta name=\"twitter:label1\" content=\"Dur\u00e9e de lecture estim\u00e9e\" \/>\n\t<meta name=\"twitter:data1\" content=\"2 minutes\" \/>\n<script type=\"application\/ld+json\" class=\"yoast-schema-graph\">{\"@context\":\"https:\\\/\\\/schema.org\",\"@graph\":[{\"@type\":\"WebPage\",\"@id\":\"https:\\\/\\\/officetransportspoetik.com\\\/index.php\\\/exposition-editions-heros-limite-inventer-editer\\\/\",\"url\":\"https:\\\/\\\/officetransportspoetik.com\\\/index.php\\\/exposition-editions-heros-limite-inventer-editer\\\/\",\"name\":\"exposition \u00e9ditions H\u00e9ros-limite : inventer, \u00e9diter - Office des Transports Po\u00e9tik\",\"isPartOf\":{\"@id\":\"https:\\\/\\\/officetransportspoetik.com\\\/#website\"},\"primaryImageOfPage\":{\"@id\":\"https:\\\/\\\/officetransportspoetik.com\\\/index.php\\\/exposition-editions-heros-limite-inventer-editer\\\/#primaryimage\"},\"image\":{\"@id\":\"https:\\\/\\\/officetransportspoetik.com\\\/index.php\\\/exposition-editions-heros-limite-inventer-editer\\\/#primaryimage\"},\"thumbnailUrl\":\"https:\\\/\\\/officetransportspoetik.com\\\/wp-content\\\/uploads\\\/2025\\\/03\\\/gaia_biaggi-270x300.jpg\",\"datePublished\":\"2025-04-28T09:57:02+00:00\",\"dateModified\":\"2025-05-09T18:03:58+00:00\",\"breadcrumb\":{\"@id\":\"https:\\\/\\\/officetransportspoetik.com\\\/index.php\\\/exposition-editions-heros-limite-inventer-editer\\\/#breadcrumb\"},\"inLanguage\":\"fr-FR\",\"potentialAction\":[{\"@type\":\"ReadAction\",\"target\":[\"https:\\\/\\\/officetransportspoetik.com\\\/index.php\\\/exposition-editions-heros-limite-inventer-editer\\\/\"]}]},{\"@type\":\"ImageObject\",\"inLanguage\":\"fr-FR\",\"@id\":\"https:\\\/\\\/officetransportspoetik.com\\\/index.php\\\/exposition-editions-heros-limite-inventer-editer\\\/#primaryimage\",\"url\":\"https:\\\/\\\/officetransportspoetik.com\\\/wp-content\\\/uploads\\\/2025\\\/03\\\/gaia_biaggi.jpg\",\"contentUrl\":\"https:\\\/\\\/officetransportspoetik.com\\\/wp-content\\\/uploads\\\/2025\\\/03\\\/gaia_biaggi.jpg\",\"width\":492,\"height\":547},{\"@type\":\"BreadcrumbList\",\"@id\":\"https:\\\/\\\/officetransportspoetik.com\\\/index.php\\\/exposition-editions-heros-limite-inventer-editer\\\/#breadcrumb\",\"itemListElement\":[{\"@type\":\"ListItem\",\"position\":1,\"name\":\"Accueil\",\"item\":\"https:\\\/\\\/officetransportspoetik.com\\\/\"},{\"@type\":\"ListItem\",\"position\":2,\"name\":\"exposition \u00e9ditions H\u00e9ros-limite : inventer, \u00e9diter\"}]},{\"@type\":\"WebSite\",\"@id\":\"https:\\\/\\\/officetransportspoetik.com\\\/#website\",\"url\":\"https:\\\/\\\/officetransportspoetik.com\\\/\",\"name\":\"Office des Transports Po\u00e9tik\",\"description\":\"autour des \u00e9critures po\u00e9tiques contemporaines\",\"publisher\":{\"@id\":\"https:\\\/\\\/officetransportspoetik.com\\\/#organization\"},\"potentialAction\":[{\"@type\":\"SearchAction\",\"target\":{\"@type\":\"EntryPoint\",\"urlTemplate\":\"https:\\\/\\\/officetransportspoetik.com\\\/?s={search_term_string}\"},\"query-input\":{\"@type\":\"PropertyValueSpecification\",\"valueRequired\":true,\"valueName\":\"search_term_string\"}}],\"inLanguage\":\"fr-FR\"},{\"@type\":\"Organization\",\"@id\":\"https:\\\/\\\/officetransportspoetik.com\\\/#organization\",\"name\":\"Office des Transports Po\u00e9tik\",\"url\":\"https:\\\/\\\/officetransportspoetik.com\\\/\",\"logo\":{\"@type\":\"ImageObject\",\"inLanguage\":\"fr-FR\",\"@id\":\"https:\\\/\\\/officetransportspoetik.com\\\/#\\\/schema\\\/logo\\\/image\\\/\",\"url\":\"https:\\\/\\\/officetransportspoetik.com\\\/wp-content\\\/uploads\\\/2023\\\/01\\\/logo-Office-rouge-pour-programme-festival-2022.jpg\",\"contentUrl\":\"https:\\\/\\\/officetransportspoetik.com\\\/wp-content\\\/uploads\\\/2023\\\/01\\\/logo-Office-rouge-pour-programme-festival-2022.jpg\",\"width\":1200,\"height\":500,\"caption\":\"Office des Transports Po\u00e9tik\"},\"image\":{\"@id\":\"https:\\\/\\\/officetransportspoetik.com\\\/#\\\/schema\\\/logo\\\/image\\\/\"},\"sameAs\":[\"https:\\\/\\\/www.facebook.com\\\/officedestransportspoetik\",\"https:\\\/\\\/www.instagram.com\\\/office_des_transports_poetik\\\/\"]}]}<\/script>\n<!-- \/ Yoast SEO plugin. -->","yoast_head_json":{"title":"exposition \u00e9ditions H\u00e9ros-limite : inventer, \u00e9diter - Office des Transports Po\u00e9tik","robots":{"index":"index","follow":"follow","max-snippet":"max-snippet:-1","max-image-preview":"max-image-preview:large","max-video-preview":"max-video-preview:-1"},"canonical":"https:\/\/officetransportspoetik.com\/index.php\/exposition-editions-heros-limite-inventer-editer\/","og_locale":"fr_FR","og_type":"article","og_title":"exposition \u00e9ditions H\u00e9ros-limite : inventer, \u00e9diter - Office des Transports Po\u00e9tik","og_description":"5 JUIN &#8211; 10 JUILLET \/ EXPOSITION DE GAIA BIAGGI \u00a0\u00bb H\u00c9ROS-LIMITE ; INVENTER, \u00c9DITER\u00a0\u00bb librairie LES MODERNES \/ GRENOBLE gratuit \/ sans r\u00e9servation 6, rue Lakanal, Grenoble Exposition qui retrace le travail d\u2019illustration et du graphisme de Gaia Biaggi au sein des \u00e9ditions g\u00e9nevoises H\u00e9ros-limite. Nous plongerons dans une multitude de d\u00e9tails autant pr\u00e9cieux [&hellip;]","og_url":"https:\/\/officetransportspoetik.com\/index.php\/exposition-editions-heros-limite-inventer-editer\/","og_site_name":"Office des Transports Po\u00e9tik","article_publisher":"https:\/\/www.facebook.com\/officedestransportspoetik","article_modified_time":"2025-05-09T18:03:58+00:00","og_image":[{"url":"https:\/\/officetransportspoetik.com\/wp-content\/uploads\/2025\/03\/gaia_biaggi-270x300.jpg","type":"","width":"","height":""}],"twitter_card":"summary_large_image","twitter_misc":{"Dur\u00e9e de lecture estim\u00e9e":"2 minutes"},"schema":{"@context":"https:\/\/schema.org","@graph":[{"@type":"WebPage","@id":"https:\/\/officetransportspoetik.com\/index.php\/exposition-editions-heros-limite-inventer-editer\/","url":"https:\/\/officetransportspoetik.com\/index.php\/exposition-editions-heros-limite-inventer-editer\/","name":"exposition \u00e9ditions H\u00e9ros-limite : inventer, \u00e9diter - Office des Transports Po\u00e9tik","isPartOf":{"@id":"https:\/\/officetransportspoetik.com\/#website"},"primaryImageOfPage":{"@id":"https:\/\/officetransportspoetik.com\/index.php\/exposition-editions-heros-limite-inventer-editer\/#primaryimage"},"image":{"@id":"https:\/\/officetransportspoetik.com\/index.php\/exposition-editions-heros-limite-inventer-editer\/#primaryimage"},"thumbnailUrl":"https:\/\/officetransportspoetik.com\/wp-content\/uploads\/2025\/03\/gaia_biaggi-270x300.jpg","datePublished":"2025-04-28T09:57:02+00:00","dateModified":"2025-05-09T18:03:58+00:00","breadcrumb":{"@id":"https:\/\/officetransportspoetik.com\/index.php\/exposition-editions-heros-limite-inventer-editer\/#breadcrumb"},"inLanguage":"fr-FR","potentialAction":[{"@type":"ReadAction","target":["https:\/\/officetransportspoetik.com\/index.php\/exposition-editions-heros-limite-inventer-editer\/"]}]},{"@type":"ImageObject","inLanguage":"fr-FR","@id":"https:\/\/officetransportspoetik.com\/index.php\/exposition-editions-heros-limite-inventer-editer\/#primaryimage","url":"https:\/\/officetransportspoetik.com\/wp-content\/uploads\/2025\/03\/gaia_biaggi.jpg","contentUrl":"https:\/\/officetransportspoetik.com\/wp-content\/uploads\/2025\/03\/gaia_biaggi.jpg","width":492,"height":547},{"@type":"BreadcrumbList","@id":"https:\/\/officetransportspoetik.com\/index.php\/exposition-editions-heros-limite-inventer-editer\/#breadcrumb","itemListElement":[{"@type":"ListItem","position":1,"name":"Accueil","item":"https:\/\/officetransportspoetik.com\/"},{"@type":"ListItem","position":2,"name":"exposition \u00e9ditions H\u00e9ros-limite : inventer, \u00e9diter"}]},{"@type":"WebSite","@id":"https:\/\/officetransportspoetik.com\/#website","url":"https:\/\/officetransportspoetik.com\/","name":"Office des Transports Po\u00e9tik","description":"autour des \u00e9critures po\u00e9tiques contemporaines","publisher":{"@id":"https:\/\/officetransportspoetik.com\/#organization"},"potentialAction":[{"@type":"SearchAction","target":{"@type":"EntryPoint","urlTemplate":"https:\/\/officetransportspoetik.com\/?s={search_term_string}"},"query-input":{"@type":"PropertyValueSpecification","valueRequired":true,"valueName":"search_term_string"}}],"inLanguage":"fr-FR"},{"@type":"Organization","@id":"https:\/\/officetransportspoetik.com\/#organization","name":"Office des Transports Po\u00e9tik","url":"https:\/\/officetransportspoetik.com\/","logo":{"@type":"ImageObject","inLanguage":"fr-FR","@id":"https:\/\/officetransportspoetik.com\/#\/schema\/logo\/image\/","url":"https:\/\/officetransportspoetik.com\/wp-content\/uploads\/2023\/01\/logo-Office-rouge-pour-programme-festival-2022.jpg","contentUrl":"https:\/\/officetransportspoetik.com\/wp-content\/uploads\/2023\/01\/logo-Office-rouge-pour-programme-festival-2022.jpg","width":1200,"height":500,"caption":"Office des Transports Po\u00e9tik"},"image":{"@id":"https:\/\/officetransportspoetik.com\/#\/schema\/logo\/image\/"},"sameAs":["https:\/\/www.facebook.com\/officedestransportspoetik","https:\/\/www.instagram.com\/office_des_transports_poetik\/"]}]}},"_links":{"self":[{"href":"https:\/\/officetransportspoetik.com\/index.php\/wp-json\/wp\/v2\/pages\/4888","targetHints":{"allow":["GET"]}}],"collection":[{"href":"https:\/\/officetransportspoetik.com\/index.php\/wp-json\/wp\/v2\/pages"}],"about":[{"href":"https:\/\/officetransportspoetik.com\/index.php\/wp-json\/wp\/v2\/types\/page"}],"author":[{"embeddable":true,"href":"https:\/\/officetransportspoetik.com\/index.php\/wp-json\/wp\/v2\/users\/1"}],"replies":[{"embeddable":true,"href":"https:\/\/officetransportspoetik.com\/index.php\/wp-json\/wp\/v2\/comments?post=4888"}],"version-history":[{"count":13,"href":"https:\/\/officetransportspoetik.com\/index.php\/wp-json\/wp\/v2\/pages\/4888\/revisions"}],"predecessor-version":[{"id":5099,"href":"https:\/\/officetransportspoetik.com\/index.php\/wp-json\/wp\/v2\/pages\/4888\/revisions\/5099"}],"wp:attachment":[{"href":"https:\/\/officetransportspoetik.com\/index.php\/wp-json\/wp\/v2\/media?parent=4888"}],"curies":[{"name":"wp","href":"https:\/\/api.w.org\/{rel}","templated":true}]}}