{"id":4470,"date":"2024-12-26T19:47:31","date_gmt":"2024-12-26T18:47:31","guid":{"rendered":"https:\/\/officetransportspoetik.com\/?page_id=4470"},"modified":"2024-12-26T20:10:24","modified_gmt":"2024-12-26T19:10:24","slug":"projets-eac-2023","status":"publish","type":"page","link":"https:\/\/officetransportspoetik.com\/index.php\/projets-eac-2023\/","title":{"rendered":"PROJETS EAC &#8211; 2023"},"content":{"rendered":"\t\t<div data-elementor-type=\"wp-page\" data-elementor-id=\"4470\" class=\"elementor elementor-4470\">\n\t\t\t\t\t\t<section class=\"elementor-section elementor-top-section elementor-element elementor-element-584a20cd elementor-section-boxed elementor-section-height-default elementor-section-height-default\" data-id=\"584a20cd\" data-element_type=\"section\" data-e-type=\"section\">\n\t\t\t\t\t\t<div class=\"elementor-container elementor-column-gap-default\">\n\t\t\t\t\t<div class=\"elementor-column elementor-col-50 elementor-top-column elementor-element elementor-element-51b09050\" data-id=\"51b09050\" data-element_type=\"column\" data-e-type=\"column\">\n\t\t\t<div class=\"elementor-widget-wrap elementor-element-populated\">\n\t\t\t\t\t\t<div class=\"elementor-element elementor-element-14c8b87f elementor-widget elementor-widget-image\" data-id=\"14c8b87f\" data-element_type=\"widget\" data-e-type=\"widget\" data-widget_type=\"image.default\">\n\t\t\t\t<div class=\"elementor-widget-container\">\n\t\t\t\t\t\t\t\t\t\t\t\t\t\t\t<img fetchpriority=\"high\" decoding=\"async\" width=\"396\" height=\"360\" src=\"https:\/\/officetransportspoetik.com\/wp-content\/uploads\/2024\/12\/20230525_111002-396x360.jpg\" class=\"attachment-htmega_size_396x360 size-htmega_size_396x360 wp-image-4479\" alt=\"\" \/>\t\t\t\t\t\t\t\t\t\t\t\t\t\t\t<\/div>\n\t\t\t\t<\/div>\n\t\t\t\t\t<\/div>\n\t\t<\/div>\n\t\t\t\t<div class=\"elementor-column elementor-col-50 elementor-top-column elementor-element elementor-element-55607d48\" data-id=\"55607d48\" data-element_type=\"column\" data-e-type=\"column\">\n\t\t\t<div class=\"elementor-widget-wrap elementor-element-populated\">\n\t\t\t\t\t\t<div class=\"elementor-element elementor-element-540a742a elementor-widget elementor-widget-text-editor\" data-id=\"540a742a\" data-element_type=\"widget\" data-e-type=\"widget\" data-widget_type=\"text-editor.default\">\n\t\t\t\t<div class=\"elementor-widget-container\">\n\t\t\t\t\t\t\t\t\t<p>\u00a0<\/p><p>En 2023, notre \u00e9quipe a mis en place 12 projets d\u2019action culturelle, en\u00a0<span style=\"font-size: 14px;\">de notre festival la Po\u00e9sie est une\u00a0<\/span><span style=\"font-size: 14px;\">oreille. Ces actions se sont d\u00e9roul\u00e9es sur le temps temps scolaire, en partenariat \u00e9troit avec\u00a0<\/span><span style=\"font-size: 14px;\">les acteurs \u00e9ducatifs et culturels de notre territoire.<\/span><\/p><p><span style=\"font-variant-caps: normal; font-family: 'Open Sans', sans-serif; font-size: 14px; font-style: normal; text-align: justify;\">Nous pr\u00e9sentons ci-dessous quelques chiffres cl\u00e9s de nos projets d\u2019action culturelle 2022. Le tout avec la\u00a0<\/span><span style=\"font-variant-caps: normal; font-family: 'Open Sans', sans-serif; font-size: 14px; font-style: normal; text-align: justify;\">po\u00e9tesse (et salari\u00e9e de l\u2019association)\u00a0<span style=\"font-size: 14px; font-weight: bold;\">Katia Bouchoueva<\/span>, la po\u00e9tesses\u00a0<span style=\"font-size: 14px; font-weight: bold;\">Isaline Nitsche, Ana\u00efs Escot et Lou Valse, <\/span><span style=\"font-size: 14px;\">les slameurs<\/span><span style=\"font-size: 14px; font-weight: bold;\"> Thomas Faury\u00a0 \u00a0 <\/span><span style=\"font-size: 14px;\">e<\/span><span style=\"font-size: 14px;\">t <\/span><span style=\"font-size: 14px; font-weight: bold;\">Remy Pellissier<\/span><\/span><span style=\"font-variant-caps: normal; font-family: 'Open Sans', sans-serif; font-size: 14px; font-style: normal; text-align: justify;\">\u00a0le musicien\u00a0<span style=\"font-size: 14px; font-weight: bold;\">Arturo Palacios Garcia,<\/span>\u00a0les libraires\u00a0<span style=\"font-size: 14px; font-weight: bold;\">Langdorf-Gaudel et Gaelle Partouche,\u00a0<\/span><\/span><span style=\"font-family: 'Open Sans', sans-serif; font-size: 14px; font-style: normal; font-variant-caps: normal;\">la plasticienn<\/span><span style=\"font-family: 'Open Sans', sans-serif; font-size: 14px; font-style: normal; font-variant-caps: normal;\">e <\/span><span style=\"font-family: 'Open Sans', sans-serif; font-size: 14px; font-style: normal; font-variant-caps: normal; font-weight: bold;\">Charlotte Gomez<\/span><\/p><p><span style=\"font-variant-caps: normal; font-family: 'Open Sans', sans-serif; font-size: 14px; font-style: normal; text-align: justify;\"><span style=\"font-size: 14px; font-weight: bold;\">\u00a0<\/span><\/span><\/p>\t\t\t\t\t\t\t\t<\/div>\n\t\t\t\t<\/div>\n\t\t\t\t\t<\/div>\n\t\t<\/div>\n\t\t\t\t\t<\/div>\n\t\t<\/section>\n\t\t\t\t<section class=\"elementor-section elementor-top-section elementor-element elementor-element-64f4fd25 elementor-section-boxed elementor-section-height-default elementor-section-height-default\" data-id=\"64f4fd25\" data-element_type=\"section\" data-e-type=\"section\">\n\t\t\t\t\t\t<div class=\"elementor-container elementor-column-gap-default\">\n\t\t\t\t\t<div class=\"elementor-column elementor-col-100 elementor-top-column elementor-element elementor-element-1790cc4c\" data-id=\"1790cc4c\" data-element_type=\"column\" data-e-type=\"column\">\n\t\t\t<div class=\"elementor-widget-wrap elementor-element-populated\">\n\t\t\t\t\t\t<div class=\"elementor-element elementor-element-4406d1a6 elementor-widget elementor-widget-spacer\" data-id=\"4406d1a6\" data-element_type=\"widget\" data-e-type=\"widget\" data-widget_type=\"spacer.default\">\n\t\t\t\t<div class=\"elementor-widget-container\">\n\t\t\t\t\t\t\t<div class=\"elementor-spacer\">\n\t\t\t<div class=\"elementor-spacer-inner\"><\/div>\n\t\t<\/div>\n\t\t\t\t\t\t<\/div>\n\t\t\t\t<\/div>\n\t\t\t\t\t<\/div>\n\t\t<\/div>\n\t\t\t\t\t<\/div>\n\t\t<\/section>\n\t\t\t\t<section class=\"elementor-section elementor-top-section elementor-element elementor-element-28dd6a43 elementor-section-boxed elementor-section-height-default elementor-section-height-default\" data-id=\"28dd6a43\" data-element_type=\"section\" data-e-type=\"section\">\n\t\t\t\t\t\t<div class=\"elementor-container elementor-column-gap-default\">\n\t\t\t\t\t<div class=\"elementor-column elementor-col-50 elementor-top-column elementor-element elementor-element-e40c79f\" data-id=\"e40c79f\" data-element_type=\"column\" data-e-type=\"column\">\n\t\t\t<div class=\"elementor-widget-wrap elementor-element-populated\">\n\t\t\t\t\t\t<div class=\"elementor-element elementor-element-665f83 elementor-widget elementor-widget-heading\" data-id=\"665f83\" data-element_type=\"widget\" data-e-type=\"widget\" data-widget_type=\"heading.default\">\n\t\t\t\t<div class=\"elementor-widget-container\">\n\t\t\t\t\t<h2 class=\"elementor-heading-title elementor-size-default\">AVEC<\/h2>\t\t\t\t<\/div>\n\t\t\t\t<\/div>\n\t\t\t\t<div class=\"elementor-element elementor-element-649ead00 elementor-widget elementor-widget-text-editor\" data-id=\"649ead00\" data-element_type=\"widget\" data-e-type=\"widget\" data-widget_type=\"text-editor.default\">\n\t\t\t\t<div class=\"elementor-widget-container\">\n\t\t\t\t\t\t\t\t\t<p style=\"caret-color: #000000; color: #000000; font-style: normal; font-variant-caps: normal;\"><strong style=\"font-size: 14px; font-style: normal; font-variant-caps: normal;\">les coll\u00e8ges :\u00a0<\/strong><\/p><p style=\"caret-color: #000000; color: #000000; font-style: normal; font-variant-caps: normal;\">\u00a0 \u00a0 \u00a0 \u00a0Coll\u00e8ge Jules Vall\u00e8s \/ Fontaine<\/p><p style=\"caret-color: #000000; color: #000000; font-style: normal; font-variant-caps: normal;\">\u00a0 \u00a0 \u00a0 \u00a0Coll\u00e8ge Fernand L\u00e9ger \/ Saint-Martin-d&rsquo;H\u00e8res<\/p><p style=\"caret-color: #000000; color: #000000; font-style: normal; font-variant-caps: normal;\">\u00a0 \u00a0 \u00a0 \u00a0Coll\u00e8ge Les Dauphins \/ Saint Jean de Soudain \/ Nord Is\u00e8re<\/p><p style=\"caret-color: #000000; color: #000000; font-style: normal; font-variant-caps: normal;\">Coll\u00e8ge Pablo Picasso \/ Echirolles<\/p><p style=\"caret-color: #000000; color: #000000; font-style: normal; font-variant-caps: normal;\"><strong>les lyc\u00e9es :<\/strong><\/p><p style=\"caret-color: #000000; color: #000000; font-style: normal; font-variant-caps: normal;\">\u00a0 \u00a0 \u00a0 \u00a0Lyc\u00e9e Andr\u00e9 Argouges \/ Grenoble<\/p><p style=\"caret-color: #000000; color: #000000; font-style: normal; font-variant-caps: normal;\">\u00a0 \u00a0 \u00a0 \u00a0Lyc\u00e9e\u00a0<span style=\"font-family: 'Open Sans', sans-serif; font-size: 14px; font-style: normal; font-variant-ligatures: normal; font-variant-caps: normal; font-weight: 400;\">Professionnel<\/span><span style=\"font-family: 'Open Sans', sans-serif; font-size: 14px; font-style: normal; font-variant-ligatures: normal; font-variant-caps: normal; font-weight: 400;\">\u00a0<\/span><span style=\"font-size: 14px; font-style: normal; font-variant-caps: normal;\">Guynemer \/ Grenoble<\/span><\/p><p style=\"caret-color: #000000; color: #000000; font-style: normal; font-variant-caps: normal;\">\u00a0 \u00a0 \u00a0 \u00a0Lyc\u00e9e Professionnel Jacques Pr\u00e9vert \/ Fontaine<\/p><p style=\"caret-color: #000000; color: #000000; font-style: normal; font-variant-caps: normal;\">\u00a0 \u00a0 \u00a0 \u00a0Lyc\u00e9e Lesdigui\u00e8res \/ Grenoble<\/p><p><span style=\"color: #000000;\"><span style=\"caret-color: #000000; font-weight: 600;\">Biblioth\u00e8que Arlequin \/ <strong>Villeneuve de Grenoble<\/strong><\/span><\/span><\/p><p><span style=\"color: #000000;\"><span style=\"caret-color: #000000; font-weight: 600;\">Maison des habitants Le\u00a0Patio \/ Villeneuve de Grenoble<\/span><\/span><\/p><p><span style=\"color: #000000;\"><span style=\"caret-color: #000000; font-weight: 600;\">Universit\u00e9 de Grenoble<\/span><\/span><\/p><p><span style=\"color: #000000;\"><span style=\"caret-color: #000000; font-weight: 600;\">La Bobine \/ Grenoble<\/span><\/span><\/p><p><span style=\"color: #000000;\"><span style=\"caret-color: #000000; font-weight: 600;\">\u00a0<\/span><\/span><\/p><p><span style=\"color: #000000;\"><span style=\"caret-color: #000000; font-weight: 600;\">\u00a0<\/span><\/span><\/p><p style=\"caret-color: #000000; color: #000000; font-style: normal; font-variant-caps: normal;\">\u00a0<\/p>\t\t\t\t\t\t\t\t<\/div>\n\t\t\t\t<\/div>\n\t\t\t\t\t<\/div>\n\t\t<\/div>\n\t\t\t\t<div class=\"elementor-column elementor-col-50 elementor-top-column elementor-element elementor-element-401a68b5\" data-id=\"401a68b5\" data-element_type=\"column\" data-e-type=\"column\">\n\t\t\t<div class=\"elementor-widget-wrap elementor-element-populated\">\n\t\t\t\t\t\t<div class=\"elementor-element elementor-element-545251a5 elementor-widget elementor-widget-heading\" data-id=\"545251a5\" data-element_type=\"widget\" data-e-type=\"widget\" data-widget_type=\"heading.default\">\n\t\t\t\t<div class=\"elementor-widget-container\">\n\t\t\t\t\t<h2 class=\"elementor-heading-title elementor-size-default\">QUELQUES CHIFFRES CL\u00c9S - EAC 2023<\/h2>\t\t\t\t<\/div>\n\t\t\t\t<\/div>\n\t\t\t\t<div class=\"elementor-element elementor-element-52af5095 elementor-widget elementor-widget-text-editor\" data-id=\"52af5095\" data-element_type=\"widget\" data-e-type=\"widget\" data-widget_type=\"text-editor.default\">\n\t\t\t\t<div class=\"elementor-widget-container\">\n\t\t\t\t\t\t\t\t\t<p style=\"caret-color: #000000; color: #000000; font-style: normal; font-variant-caps: normal;\">\n<\/p><p style=\"caret-color: #000000; color: #000000; font-style: normal; font-variant-caps: normal;\">&nbsp; &nbsp; &nbsp; &#8211; 12 projets<\/p>\n<p style=\"caret-color: #000000; color: #000000; font-style: normal; font-variant-caps: normal;\">&nbsp; &nbsp; &nbsp; &#8211; 10 \u00e9tablissements scolaires et sociaux (5 lyc\u00e9es, 2 coll\u00e8ges, 1 universit\u00e9, 1 UEAJ (Unit\u00e9 \u00e9ducative d&rsquo;activit\u00e9s de jour,<span style=\"font-size: 14px; font-style: normal; font-variant-caps: normal;\">&nbsp;1 Maison des habitants)<\/span><\/p>\n<p style=\"caret-color: #000000; color: #000000; font-style: normal; font-variant-caps: normal;\">&nbsp; &nbsp; &nbsp; &#8211; 20 partenaires<\/p>\n<p style=\"caret-color: #000000; color: #000000; font-style: normal; font-variant-caps: normal;\">&nbsp; &nbsp; &nbsp; &#8211; 299 jeunes&nbsp;<\/p>\n<p style=\"caret-color: #000000; color: #000000; font-style: normal; font-variant-caps: normal;\">&nbsp; &nbsp; &nbsp; &#8211; 182 heures d&rsquo;intervention<\/p>\t\t\t\t\t\t\t\t<\/div>\n\t\t\t\t<\/div>\n\t\t\t\t\t<\/div>\n\t\t<\/div>\n\t\t\t\t\t<\/div>\n\t\t<\/section>\n\t\t\t\t<\/div>\n\t\t","protected":false},"excerpt":{"rendered":"<p>\u00a0 En 2023, notre \u00e9quipe a mis en place 12 projets d\u2019action culturelle, en\u00a0de notre festival la Po\u00e9sie est une\u00a0oreille. Ces actions se sont d\u00e9roul\u00e9es sur le temps temps scolaire, en partenariat \u00e9troit avec\u00a0les acteurs \u00e9ducatifs et culturels de notre territoire. Nous pr\u00e9sentons ci-dessous quelques chiffres cl\u00e9s de nos projets d\u2019action culturelle 2022. Le tout [&hellip;]<\/p>\n","protected":false},"author":1,"featured_media":0,"parent":0,"menu_order":0,"comment_status":"closed","ping_status":"closed","template":"elementor_header_footer","meta":{"ocean_post_layout":"","ocean_both_sidebars_style":"","ocean_both_sidebars_content_width":0,"ocean_both_sidebars_sidebars_width":0,"ocean_sidebar":"","ocean_second_sidebar":"","ocean_disable_margins":"enable","ocean_add_body_class":"","ocean_shortcode_before_top_bar":"","ocean_shortcode_after_top_bar":"","ocean_shortcode_before_header":"","ocean_shortcode_after_header":"","ocean_has_shortcode":"","ocean_shortcode_after_title":"","ocean_shortcode_before_footer_widgets":"","ocean_shortcode_after_footer_widgets":"","ocean_shortcode_before_footer_bottom":"","ocean_shortcode_after_footer_bottom":"","ocean_display_top_bar":"default","ocean_display_header":"default","ocean_header_style":"","ocean_center_header_left_menu":"","ocean_custom_header_template":"","ocean_custom_logo":0,"ocean_custom_retina_logo":0,"ocean_custom_logo_max_width":0,"ocean_custom_logo_tablet_max_width":0,"ocean_custom_logo_mobile_max_width":0,"ocean_custom_logo_max_height":0,"ocean_custom_logo_tablet_max_height":0,"ocean_custom_logo_mobile_max_height":0,"ocean_header_custom_menu":"","ocean_menu_typo_font_family":"","ocean_menu_typo_font_subset":"","ocean_menu_typo_font_size":0,"ocean_menu_typo_font_size_tablet":0,"ocean_menu_typo_font_size_mobile":0,"ocean_menu_typo_font_size_unit":"px","ocean_menu_typo_font_weight":"","ocean_menu_typo_font_weight_tablet":"","ocean_menu_typo_font_weight_mobile":"","ocean_menu_typo_transform":"","ocean_menu_typo_transform_tablet":"","ocean_menu_typo_transform_mobile":"","ocean_menu_typo_line_height":0,"ocean_menu_typo_line_height_tablet":0,"ocean_menu_typo_line_height_mobile":0,"ocean_menu_typo_line_height_unit":"","ocean_menu_typo_spacing":0,"ocean_menu_typo_spacing_tablet":0,"ocean_menu_typo_spacing_mobile":0,"ocean_menu_typo_spacing_unit":"","ocean_menu_link_color":"","ocean_menu_link_color_hover":"","ocean_menu_link_color_active":"","ocean_menu_link_background":"","ocean_menu_link_hover_background":"","ocean_menu_link_active_background":"","ocean_menu_social_links_bg":"","ocean_menu_social_hover_links_bg":"","ocean_menu_social_links_color":"","ocean_menu_social_hover_links_color":"","ocean_disable_title":"default","ocean_disable_heading":"default","ocean_post_title":"","ocean_post_subheading":"","ocean_post_title_style":"","ocean_post_title_background_color":"","ocean_post_title_background":0,"ocean_post_title_bg_image_position":"","ocean_post_title_bg_image_attachment":"","ocean_post_title_bg_image_repeat":"","ocean_post_title_bg_image_size":"","ocean_post_title_height":0,"ocean_post_title_bg_overlay":0.5,"ocean_post_title_bg_overlay_color":"","ocean_disable_breadcrumbs":"default","ocean_breadcrumbs_color":"","ocean_breadcrumbs_separator_color":"","ocean_breadcrumbs_links_color":"","ocean_breadcrumbs_links_hover_color":"","ocean_display_footer_widgets":"default","ocean_display_footer_bottom":"default","ocean_custom_footer_template":"","footnotes":""},"class_list":["post-4470","page","type-page","status-publish","hentry","entry"],"yoast_head":"<!-- This site is optimized with the Yoast SEO plugin v27.4 - https:\/\/yoast.com\/product\/yoast-seo-wordpress\/ -->\n<title>PROJETS EAC - 2023 - Office des Transports Po\u00e9tik<\/title>\n<meta name=\"robots\" content=\"index, follow, max-snippet:-1, max-image-preview:large, max-video-preview:-1\" \/>\n<link rel=\"canonical\" href=\"https:\/\/officetransportspoetik.com\/index.php\/projets-eac-2023\/\" \/>\n<meta property=\"og:locale\" content=\"fr_FR\" \/>\n<meta property=\"og:type\" content=\"article\" \/>\n<meta property=\"og:title\" content=\"PROJETS EAC - 2023 - Office des Transports Po\u00e9tik\" \/>\n<meta property=\"og:description\" content=\"\u00a0 En 2023, notre \u00e9quipe a mis en place 12 projets d\u2019action culturelle, en\u00a0de notre festival la Po\u00e9sie est une\u00a0oreille. Ces actions se sont d\u00e9roul\u00e9es sur le temps temps scolaire, en partenariat \u00e9troit avec\u00a0les acteurs \u00e9ducatifs et culturels de notre territoire. Nous pr\u00e9sentons ci-dessous quelques chiffres cl\u00e9s de nos projets d\u2019action culturelle 2022. Le tout [&hellip;]\" \/>\n<meta property=\"og:url\" content=\"https:\/\/officetransportspoetik.com\/index.php\/projets-eac-2023\/\" \/>\n<meta property=\"og:site_name\" content=\"Office des Transports Po\u00e9tik\" \/>\n<meta property=\"article:publisher\" content=\"https:\/\/www.facebook.com\/officedestransportspoetik\" \/>\n<meta property=\"article:modified_time\" content=\"2024-12-26T19:10:24+00:00\" \/>\n<meta property=\"og:image\" content=\"https:\/\/officetransportspoetik.com\/wp-content\/uploads\/2024\/12\/20230525_111002-scaled.jpg\" \/>\n\t<meta property=\"og:image:width\" content=\"1920\" \/>\n\t<meta property=\"og:image:height\" content=\"2560\" \/>\n\t<meta property=\"og:image:type\" content=\"image\/jpeg\" \/>\n<meta name=\"twitter:card\" content=\"summary_large_image\" \/>\n<meta name=\"twitter:label1\" content=\"Dur\u00e9e de lecture estim\u00e9e\" \/>\n\t<meta name=\"twitter:data1\" content=\"2 minutes\" \/>\n<script type=\"application\/ld+json\" class=\"yoast-schema-graph\">{\"@context\":\"https:\\\/\\\/schema.org\",\"@graph\":[{\"@type\":\"WebPage\",\"@id\":\"https:\\\/\\\/officetransportspoetik.com\\\/index.php\\\/projets-eac-2023\\\/\",\"url\":\"https:\\\/\\\/officetransportspoetik.com\\\/index.php\\\/projets-eac-2023\\\/\",\"name\":\"PROJETS EAC - 2023 - Office des Transports Po\u00e9tik\",\"isPartOf\":{\"@id\":\"https:\\\/\\\/officetransportspoetik.com\\\/#website\"},\"primaryImageOfPage\":{\"@id\":\"https:\\\/\\\/officetransportspoetik.com\\\/index.php\\\/projets-eac-2023\\\/#primaryimage\"},\"image\":{\"@id\":\"https:\\\/\\\/officetransportspoetik.com\\\/index.php\\\/projets-eac-2023\\\/#primaryimage\"},\"thumbnailUrl\":\"https:\\\/\\\/officetransportspoetik.com\\\/wp-content\\\/uploads\\\/2024\\\/12\\\/20230525_111002-396x360.jpg\",\"datePublished\":\"2024-12-26T18:47:31+00:00\",\"dateModified\":\"2024-12-26T19:10:24+00:00\",\"breadcrumb\":{\"@id\":\"https:\\\/\\\/officetransportspoetik.com\\\/index.php\\\/projets-eac-2023\\\/#breadcrumb\"},\"inLanguage\":\"fr-FR\",\"potentialAction\":[{\"@type\":\"ReadAction\",\"target\":[\"https:\\\/\\\/officetransportspoetik.com\\\/index.php\\\/projets-eac-2023\\\/\"]}]},{\"@type\":\"ImageObject\",\"inLanguage\":\"fr-FR\",\"@id\":\"https:\\\/\\\/officetransportspoetik.com\\\/index.php\\\/projets-eac-2023\\\/#primaryimage\",\"url\":\"https:\\\/\\\/officetransportspoetik.com\\\/wp-content\\\/uploads\\\/2024\\\/12\\\/20230525_111002-scaled.jpg\",\"contentUrl\":\"https:\\\/\\\/officetransportspoetik.com\\\/wp-content\\\/uploads\\\/2024\\\/12\\\/20230525_111002-scaled.jpg\",\"width\":1920,\"height\":2560},{\"@type\":\"BreadcrumbList\",\"@id\":\"https:\\\/\\\/officetransportspoetik.com\\\/index.php\\\/projets-eac-2023\\\/#breadcrumb\",\"itemListElement\":[{\"@type\":\"ListItem\",\"position\":1,\"name\":\"Accueil\",\"item\":\"https:\\\/\\\/officetransportspoetik.com\\\/\"},{\"@type\":\"ListItem\",\"position\":2,\"name\":\"PROJETS EAC &#8211; 2023\"}]},{\"@type\":\"WebSite\",\"@id\":\"https:\\\/\\\/officetransportspoetik.com\\\/#website\",\"url\":\"https:\\\/\\\/officetransportspoetik.com\\\/\",\"name\":\"Office des Transports Po\u00e9tik\",\"description\":\"autour des \u00e9critures po\u00e9tiques contemporaines\",\"publisher\":{\"@id\":\"https:\\\/\\\/officetransportspoetik.com\\\/#organization\"},\"potentialAction\":[{\"@type\":\"SearchAction\",\"target\":{\"@type\":\"EntryPoint\",\"urlTemplate\":\"https:\\\/\\\/officetransportspoetik.com\\\/?s={search_term_string}\"},\"query-input\":{\"@type\":\"PropertyValueSpecification\",\"valueRequired\":true,\"valueName\":\"search_term_string\"}}],\"inLanguage\":\"fr-FR\"},{\"@type\":\"Organization\",\"@id\":\"https:\\\/\\\/officetransportspoetik.com\\\/#organization\",\"name\":\"Office des Transports Po\u00e9tik\",\"url\":\"https:\\\/\\\/officetransportspoetik.com\\\/\",\"logo\":{\"@type\":\"ImageObject\",\"inLanguage\":\"fr-FR\",\"@id\":\"https:\\\/\\\/officetransportspoetik.com\\\/#\\\/schema\\\/logo\\\/image\\\/\",\"url\":\"https:\\\/\\\/officetransportspoetik.com\\\/wp-content\\\/uploads\\\/2023\\\/01\\\/logo-Office-rouge-pour-programme-festival-2022.jpg\",\"contentUrl\":\"https:\\\/\\\/officetransportspoetik.com\\\/wp-content\\\/uploads\\\/2023\\\/01\\\/logo-Office-rouge-pour-programme-festival-2022.jpg\",\"width\":1200,\"height\":500,\"caption\":\"Office des Transports Po\u00e9tik\"},\"image\":{\"@id\":\"https:\\\/\\\/officetransportspoetik.com\\\/#\\\/schema\\\/logo\\\/image\\\/\"},\"sameAs\":[\"https:\\\/\\\/www.facebook.com\\\/officedestransportspoetik\",\"https:\\\/\\\/www.instagram.com\\\/office_des_transports_poetik\\\/\"]}]}<\/script>\n<!-- \/ Yoast SEO plugin. -->","yoast_head_json":{"title":"PROJETS EAC - 2023 - Office des Transports Po\u00e9tik","robots":{"index":"index","follow":"follow","max-snippet":"max-snippet:-1","max-image-preview":"max-image-preview:large","max-video-preview":"max-video-preview:-1"},"canonical":"https:\/\/officetransportspoetik.com\/index.php\/projets-eac-2023\/","og_locale":"fr_FR","og_type":"article","og_title":"PROJETS EAC - 2023 - Office des Transports Po\u00e9tik","og_description":"\u00a0 En 2023, notre \u00e9quipe a mis en place 12 projets d\u2019action culturelle, en\u00a0de notre festival la Po\u00e9sie est une\u00a0oreille. Ces actions se sont d\u00e9roul\u00e9es sur le temps temps scolaire, en partenariat \u00e9troit avec\u00a0les acteurs \u00e9ducatifs et culturels de notre territoire. Nous pr\u00e9sentons ci-dessous quelques chiffres cl\u00e9s de nos projets d\u2019action culturelle 2022. Le tout [&hellip;]","og_url":"https:\/\/officetransportspoetik.com\/index.php\/projets-eac-2023\/","og_site_name":"Office des Transports Po\u00e9tik","article_publisher":"https:\/\/www.facebook.com\/officedestransportspoetik","article_modified_time":"2024-12-26T19:10:24+00:00","og_image":[{"width":1920,"height":2560,"url":"https:\/\/officetransportspoetik.com\/wp-content\/uploads\/2024\/12\/20230525_111002-scaled.jpg","type":"image\/jpeg"}],"twitter_card":"summary_large_image","twitter_misc":{"Dur\u00e9e de lecture estim\u00e9e":"2 minutes"},"schema":{"@context":"https:\/\/schema.org","@graph":[{"@type":"WebPage","@id":"https:\/\/officetransportspoetik.com\/index.php\/projets-eac-2023\/","url":"https:\/\/officetransportspoetik.com\/index.php\/projets-eac-2023\/","name":"PROJETS EAC - 2023 - Office des Transports Po\u00e9tik","isPartOf":{"@id":"https:\/\/officetransportspoetik.com\/#website"},"primaryImageOfPage":{"@id":"https:\/\/officetransportspoetik.com\/index.php\/projets-eac-2023\/#primaryimage"},"image":{"@id":"https:\/\/officetransportspoetik.com\/index.php\/projets-eac-2023\/#primaryimage"},"thumbnailUrl":"https:\/\/officetransportspoetik.com\/wp-content\/uploads\/2024\/12\/20230525_111002-396x360.jpg","datePublished":"2024-12-26T18:47:31+00:00","dateModified":"2024-12-26T19:10:24+00:00","breadcrumb":{"@id":"https:\/\/officetransportspoetik.com\/index.php\/projets-eac-2023\/#breadcrumb"},"inLanguage":"fr-FR","potentialAction":[{"@type":"ReadAction","target":["https:\/\/officetransportspoetik.com\/index.php\/projets-eac-2023\/"]}]},{"@type":"ImageObject","inLanguage":"fr-FR","@id":"https:\/\/officetransportspoetik.com\/index.php\/projets-eac-2023\/#primaryimage","url":"https:\/\/officetransportspoetik.com\/wp-content\/uploads\/2024\/12\/20230525_111002-scaled.jpg","contentUrl":"https:\/\/officetransportspoetik.com\/wp-content\/uploads\/2024\/12\/20230525_111002-scaled.jpg","width":1920,"height":2560},{"@type":"BreadcrumbList","@id":"https:\/\/officetransportspoetik.com\/index.php\/projets-eac-2023\/#breadcrumb","itemListElement":[{"@type":"ListItem","position":1,"name":"Accueil","item":"https:\/\/officetransportspoetik.com\/"},{"@type":"ListItem","position":2,"name":"PROJETS EAC &#8211; 2023"}]},{"@type":"WebSite","@id":"https:\/\/officetransportspoetik.com\/#website","url":"https:\/\/officetransportspoetik.com\/","name":"Office des Transports Po\u00e9tik","description":"autour des \u00e9critures po\u00e9tiques contemporaines","publisher":{"@id":"https:\/\/officetransportspoetik.com\/#organization"},"potentialAction":[{"@type":"SearchAction","target":{"@type":"EntryPoint","urlTemplate":"https:\/\/officetransportspoetik.com\/?s={search_term_string}"},"query-input":{"@type":"PropertyValueSpecification","valueRequired":true,"valueName":"search_term_string"}}],"inLanguage":"fr-FR"},{"@type":"Organization","@id":"https:\/\/officetransportspoetik.com\/#organization","name":"Office des Transports Po\u00e9tik","url":"https:\/\/officetransportspoetik.com\/","logo":{"@type":"ImageObject","inLanguage":"fr-FR","@id":"https:\/\/officetransportspoetik.com\/#\/schema\/logo\/image\/","url":"https:\/\/officetransportspoetik.com\/wp-content\/uploads\/2023\/01\/logo-Office-rouge-pour-programme-festival-2022.jpg","contentUrl":"https:\/\/officetransportspoetik.com\/wp-content\/uploads\/2023\/01\/logo-Office-rouge-pour-programme-festival-2022.jpg","width":1200,"height":500,"caption":"Office des Transports Po\u00e9tik"},"image":{"@id":"https:\/\/officetransportspoetik.com\/#\/schema\/logo\/image\/"},"sameAs":["https:\/\/www.facebook.com\/officedestransportspoetik","https:\/\/www.instagram.com\/office_des_transports_poetik\/"]}]}},"_links":{"self":[{"href":"https:\/\/officetransportspoetik.com\/index.php\/wp-json\/wp\/v2\/pages\/4470","targetHints":{"allow":["GET"]}}],"collection":[{"href":"https:\/\/officetransportspoetik.com\/index.php\/wp-json\/wp\/v2\/pages"}],"about":[{"href":"https:\/\/officetransportspoetik.com\/index.php\/wp-json\/wp\/v2\/types\/page"}],"author":[{"embeddable":true,"href":"https:\/\/officetransportspoetik.com\/index.php\/wp-json\/wp\/v2\/users\/1"}],"replies":[{"embeddable":true,"href":"https:\/\/officetransportspoetik.com\/index.php\/wp-json\/wp\/v2\/comments?post=4470"}],"version-history":[{"count":7,"href":"https:\/\/officetransportspoetik.com\/index.php\/wp-json\/wp\/v2\/pages\/4470\/revisions"}],"predecessor-version":[{"id":4483,"href":"https:\/\/officetransportspoetik.com\/index.php\/wp-json\/wp\/v2\/pages\/4470\/revisions\/4483"}],"wp:attachment":[{"href":"https:\/\/officetransportspoetik.com\/index.php\/wp-json\/wp\/v2\/media?parent=4470"}],"curies":[{"name":"wp","href":"https:\/\/api.w.org\/{rel}","templated":true}]}}