{"id":3151,"date":"2023-07-25T11:02:17","date_gmt":"2023-07-25T09:02:17","guid":{"rendered":"https:\/\/officetransportspoetik.com\/?page_id=3151"},"modified":"2023-09-13T13:49:52","modified_gmt":"2023-09-13T11:49:52","slug":"victorien-buisson-cause-dexopotamie","status":"publish","type":"page","link":"https:\/\/officetransportspoetik.com\/index.php\/victorien-buisson-cause-dexopotamie\/","title":{"rendered":"VICTORIEN BUISSON CAUSE D&rsquo;EXOPOTAMIE"},"content":{"rendered":"\t\t<div data-elementor-type=\"wp-page\" data-elementor-id=\"3151\" class=\"elementor elementor-3151\">\n\t\t\t\t\t\t<section class=\"elementor-section elementor-top-section elementor-element elementor-element-263ba0d elementor-section-full_width elementor-section-height-min-height elementor-section-stretched elementor-section-height-default elementor-section-items-middle\" data-id=\"263ba0d\" data-element_type=\"section\" data-e-type=\"section\" data-settings=\"{&quot;stretch_section&quot;:&quot;section-stretched&quot;}\">\n\t\t\t\t\t\t\t<div class=\"elementor-background-overlay\"><\/div>\n\t\t\t\t\t\t\t<div class=\"elementor-container elementor-column-gap-default\">\n\t\t\t\t\t<div class=\"elementor-column elementor-col-100 elementor-top-column elementor-element elementor-element-7482e64\" data-id=\"7482e64\" data-element_type=\"column\" data-e-type=\"column\">\n\t\t\t<div class=\"elementor-widget-wrap elementor-element-populated\">\n\t\t\t\t\t\t<div class=\"elementor-element elementor-element-05c7f1e elementor-widget elementor-widget-heading\" data-id=\"05c7f1e\" data-element_type=\"widget\" data-e-type=\"widget\" data-widget_type=\"heading.default\">\n\t\t\t\t<div class=\"elementor-widget-container\">\n\t\t\t\t\t<h2 class=\"elementor-heading-title elementor-size-large\">VICTORIEN CAUSE <br>DES \u00c9DITIONS <br>EXOPOTAMIE<\/h2>\t\t\t\t<\/div>\n\t\t\t\t<\/div>\n\t\t\t\t\t<\/div>\n\t\t<\/div>\n\t\t\t\t\t<\/div>\n\t\t<\/section>\n\t\t\t\t<section class=\"elementor-section elementor-top-section elementor-element elementor-element-69b06fb elementor-section-boxed elementor-section-height-default elementor-section-height-default\" data-id=\"69b06fb\" data-element_type=\"section\" data-e-type=\"section\">\n\t\t\t\t\t\t<div class=\"elementor-container elementor-column-gap-default\">\n\t\t\t\t\t<div class=\"elementor-column elementor-col-100 elementor-top-column elementor-element elementor-element-6b06276\" data-id=\"6b06276\" data-element_type=\"column\" data-e-type=\"column\">\n\t\t\t<div class=\"elementor-widget-wrap elementor-element-populated\">\n\t\t\t\t\t\t<div class=\"elementor-element elementor-element-68df018 elementor-widget elementor-widget-text-editor\" data-id=\"68df018\" data-element_type=\"widget\" data-e-type=\"widget\" data-widget_type=\"text-editor.default\">\n\t\t\t\t<div class=\"elementor-widget-container\">\n\t\t\t\t\t\t\t\t\t<p><strong>\u00c9ditions Exopotamie<\/strong><\/p><p>Il existe, si l&rsquo;on fait, t\u00e9m\u00e9raire, le voyage ad\u00e9quat ; un espace nomm\u00e9 Exopotamie situ\u00e9 bien\u00a0<span style=\"font-size: 14px;\">plus loin de nos rivages connus. Il s&rsquo;agit d&rsquo;abandonner ses brassards ; l&rsquo;Exopotamie, c&rsquo;est ce qui est\u00a0<\/span><span style=\"font-size: 14px;\">hors du fleuve, ce qui va \u00e0 contre courant ; ce qui d\u00e9note du reste et nous laisse perplexe. Pour s&rsquo;y\u00a0<\/span><span style=\"font-size: 14px;\">laisser porter, il convient de le faire en totalit\u00e9, inutile de garder quelques id\u00e9es d&rsquo;avant, quelques\u00a0<\/span><span style=\"font-size: 14px;\">convictions anciennes, elles nous y noieraient. Peut \u00eatre \u00e9couter ce que murmure la brise, de son ton\u00a0<\/span><span style=\"font-size: 14px;\">\u00e9nigmatique nous poussant \u00e0 r\u00e9fl\u00e9chir plus loin, \u00e0 l&rsquo;ext\u00e9rieur de nos terrains po\u00e9tiques connus. Car,\u00a0<\/span><span style=\"font-size: 14px;\">quand certaines formules nous laissent perplexes, semblent porter un sens secret qui se refuse \u00e0\u00a0<\/span><span style=\"font-size: 14px;\">l&rsquo;instantan\u00e9it\u00e9, le vers lui, sait nous rassurer d\u00e8s le premier coup d\u2019oeil. Quand on va \u00e0 travers ces\u00a0<\/span><span style=\"font-size: 14px;\">phrases joliment dites, pourtant hors de la m\u00e9trique qui nous \u00e9tait famili\u00e8re autrefois, on en ressort\u00a0<\/span><span style=\"font-size: 14px;\">satisfait du voyage.<\/span><\/p>\t\t\t\t\t\t\t\t<\/div>\n\t\t\t\t<\/div>\n\t\t\t\t<div class=\"elementor-element elementor-element-b4bf978 elementor-widget elementor-widget-image\" data-id=\"b4bf978\" data-element_type=\"widget\" data-e-type=\"widget\" data-widget_type=\"image.default\">\n\t\t\t\t<div class=\"elementor-widget-container\">\n\t\t\t\t\t\t\t\t\t\t\t\t\t\t\t<img decoding=\"async\" src=\"https:\/\/officetransportspoetik.com\/wp-content\/uploads\/2023\/07\/expopotamie.png\" title=\"\" alt=\"\" loading=\"lazy\" \/>\t\t\t\t\t\t\t\t\t\t\t\t\t\t\t<\/div>\n\t\t\t\t<\/div>\n\t\t\t\t<div class=\"elementor-element elementor-element-f1d2dad elementor-widget elementor-widget-text-editor\" data-id=\"f1d2dad\" data-element_type=\"widget\" data-e-type=\"widget\" data-widget_type=\"text-editor.default\">\n\t\t\t\t<div class=\"elementor-widget-container\">\n\t\t\t\t\t\t\t\t\t<p><span style=\"font-size: 14px;\">Dans sa forme, l&rsquo;Exopotamie interpelle, les vers sont bris\u00e9s au profit d&rsquo;un rythme aux\u00a0<\/span><span style=\"font-size: 14px;\">cadences multiples ; d&rsquo;une occupation de l&rsquo;espace autre, bien plus proche du sens, de l&rsquo;\u00e9motion du\u00a0<\/span><span style=\"font-size: 14px;\">vers. Ici, on brise des barri\u00e8res, avec comme unique pr\u00e9occupation, coller \u00e0 soi-m\u00eame. Ici, les<\/span><\/p><p>formes varient librement. Une femme c&rsquo;est comme un indien ; Cette main qui tient le feu se servent\u00a0<span style=\"font-size: 14px;\">de l&rsquo;espace blanc : creuser une \u00eele, imaginer un lac, entre deux strophes. Mettre en relief la parole,\u00a0<\/span><span style=\"font-size: 14px;\">en brisant le vers dans des endroits neufs, et m\u00e9langer monde sensible et indicible, en soup\u00e7onnant\u00a0<\/span><span style=\"font-size: 14px;\">qu&rsquo;ils ne font qu&rsquo;un \u00e7\u00e0 et l\u00e0.\u00a0<\/span><span style=\"font-size: 14px;\">La collection \u00ab \u00c9cumes \u00bb s&rsquo;attarde sur cette dualit\u00e9 en m\u00ealant aux strophes et po\u00e8mes, des\u00a0<\/span><span style=\"font-size: 14px;\">photographies qui les illustrent. En Exopotamie, on sait illustrer par des visuels qui interpellent, les\u00a0<\/span><span style=\"font-size: 14px;\">pens\u00e9es fugaces et flottantes des po\u00e8mes. Cependant, loin d&rsquo;une d\u00e9pendance entre image et texte,\u00a0<\/span><span style=\"font-size: 14px;\">l&rsquo;on trouve dans Le sang des filles, une compl\u00e9mentarit\u00e9 exquise entre le texte de Julie Nakache et\u00a0<\/span><span style=\"font-size: 14px;\">les visuels de Diego Arrascaeta ; l&rsquo;un existe sans l&rsquo;autre, unies, ils donnent une saveur toute autre.\u00a0<\/span><span style=\"font-size: 14px;\">Autrement int\u00e9ressant, Toutes ces choses qui font craquer la nuit offre une v\u00e9ritable ambiance \u00e0\u00a0<\/span><span style=\"font-size: 14px;\">travers texte et dessin ; l&rsquo;un et l&rsquo;autre se r\u00e9pondent dans un dialogue tout en minutie, port\u00e9 par C\u00e9cile\u00a0<\/span><span style=\"font-size: 14px;\">A. Holdban.\u00a0<\/span><span style=\"font-size: 14px;\">L&rsquo;Exopotamie est, \u00e0 mon sens, un voyage de choix, qui offre le luxe d&rsquo;un recul sur le\u00a0<\/span><span style=\"font-size: 14px;\">quotidien, d&rsquo;un changement de regard sur la nature, la ville, les autres et nous m\u00eame. Existe-t-il\u00a0<\/span><span style=\"font-size: 14px;\">quelque chose de plus intime et introspectif qu&rsquo;une po\u00e9sie qui nous attarde sur son vers ?<\/span><\/p><p><strong>VICTORIEN BUISSON\u00a0<\/strong><\/p>\t\t\t\t\t\t\t\t<\/div>\n\t\t\t\t<\/div>\n\t\t\t\t\t<\/div>\n\t\t<\/div>\n\t\t\t\t\t<\/div>\n\t\t<\/section>\n\t\t\t\t<\/div>\n\t\t","protected":false},"excerpt":{"rendered":"<p>VICTORIEN CAUSE DES \u00c9DITIONS EXOPOTAMIE \u00c9ditions Exopotamie Il existe, si l&rsquo;on fait, t\u00e9m\u00e9raire, le voyage ad\u00e9quat ; un espace nomm\u00e9 Exopotamie situ\u00e9 bien\u00a0plus loin de nos rivages connus. Il s&rsquo;agit d&rsquo;abandonner ses brassards ; l&rsquo;Exopotamie, c&rsquo;est ce qui est\u00a0hors du fleuve, ce qui va \u00e0 contre courant ; ce qui d\u00e9note du reste et nous [&hellip;]<\/p>\n","protected":false},"author":1,"featured_media":0,"parent":0,"menu_order":0,"comment_status":"closed","ping_status":"closed","template":"","meta":{"ocean_post_layout":"full-width","ocean_both_sidebars_style":"","ocean_both_sidebars_content_width":0,"ocean_both_sidebars_sidebars_width":0,"ocean_sidebar":"0","ocean_second_sidebar":"0","ocean_disable_margins":"enable","ocean_add_body_class":"","ocean_shortcode_before_top_bar":"","ocean_shortcode_after_top_bar":"","ocean_shortcode_before_header":"","ocean_shortcode_after_header":"","ocean_has_shortcode":"","ocean_shortcode_after_title":"","ocean_shortcode_before_footer_widgets":"","ocean_shortcode_after_footer_widgets":"","ocean_shortcode_before_footer_bottom":"","ocean_shortcode_after_footer_bottom":"","ocean_display_top_bar":"default","ocean_display_header":"default","ocean_header_style":"","ocean_center_header_left_menu":"0","ocean_custom_header_template":"0","ocean_custom_logo":0,"ocean_custom_retina_logo":0,"ocean_custom_logo_max_width":0,"ocean_custom_logo_tablet_max_width":0,"ocean_custom_logo_mobile_max_width":0,"ocean_custom_logo_max_height":0,"ocean_custom_logo_tablet_max_height":0,"ocean_custom_logo_mobile_max_height":0,"ocean_header_custom_menu":"0","ocean_menu_typo_font_family":"0","ocean_menu_typo_font_subset":"","ocean_menu_typo_font_size":0,"ocean_menu_typo_font_size_tablet":0,"ocean_menu_typo_font_size_mobile":0,"ocean_menu_typo_font_size_unit":"px","ocean_menu_typo_font_weight":"","ocean_menu_typo_font_weight_tablet":"","ocean_menu_typo_font_weight_mobile":"","ocean_menu_typo_transform":"","ocean_menu_typo_transform_tablet":"","ocean_menu_typo_transform_mobile":"","ocean_menu_typo_line_height":0,"ocean_menu_typo_line_height_tablet":0,"ocean_menu_typo_line_height_mobile":0,"ocean_menu_typo_line_height_unit":"","ocean_menu_typo_spacing":0,"ocean_menu_typo_spacing_tablet":0,"ocean_menu_typo_spacing_mobile":0,"ocean_menu_typo_spacing_unit":"","ocean_menu_link_color":"","ocean_menu_link_color_hover":"","ocean_menu_link_color_active":"","ocean_menu_link_background":"","ocean_menu_link_hover_background":"","ocean_menu_link_active_background":"","ocean_menu_social_links_bg":"","ocean_menu_social_hover_links_bg":"","ocean_menu_social_links_color":"","ocean_menu_social_hover_links_color":"","ocean_disable_title":"default","ocean_disable_heading":"default","ocean_post_title":"","ocean_post_subheading":"","ocean_post_title_style":"","ocean_post_title_background_color":"","ocean_post_title_background":0,"ocean_post_title_bg_image_position":"","ocean_post_title_bg_image_attachment":"","ocean_post_title_bg_image_repeat":"","ocean_post_title_bg_image_size":"","ocean_post_title_height":0,"ocean_post_title_bg_overlay":0.5,"ocean_post_title_bg_overlay_color":"","ocean_disable_breadcrumbs":"default","ocean_breadcrumbs_color":"","ocean_breadcrumbs_separator_color":"","ocean_breadcrumbs_links_color":"","ocean_breadcrumbs_links_hover_color":"","ocean_display_footer_widgets":"default","ocean_display_footer_bottom":"default","ocean_custom_footer_template":"0","footnotes":""},"class_list":["post-3151","page","type-page","status-publish","hentry","entry"],"yoast_head":"<!-- This site is optimized with the Yoast SEO plugin v27.3 - https:\/\/yoast.com\/product\/yoast-seo-wordpress\/ -->\n<title>VICTORIEN BUISSON CAUSE D&#039;EXOPOTAMIE - Office des Transports Po\u00e9tik<\/title>\n<meta name=\"robots\" content=\"index, follow, max-snippet:-1, max-image-preview:large, max-video-preview:-1\" \/>\n<link rel=\"canonical\" href=\"https:\/\/officetransportspoetik.com\/index.php\/victorien-buisson-cause-dexopotamie\/\" \/>\n<meta property=\"og:locale\" content=\"fr_FR\" \/>\n<meta property=\"og:type\" content=\"article\" \/>\n<meta property=\"og:title\" content=\"VICTORIEN BUISSON CAUSE D&#039;EXOPOTAMIE - Office des Transports Po\u00e9tik\" \/>\n<meta property=\"og:description\" content=\"VICTORIEN CAUSE DES \u00c9DITIONS EXOPOTAMIE \u00c9ditions Exopotamie Il existe, si l&rsquo;on fait, t\u00e9m\u00e9raire, le voyage ad\u00e9quat ; un espace nomm\u00e9 Exopotamie situ\u00e9 bien\u00a0plus loin de nos rivages connus. Il s&rsquo;agit d&rsquo;abandonner ses brassards ; l&rsquo;Exopotamie, c&rsquo;est ce qui est\u00a0hors du fleuve, ce qui va \u00e0 contre courant ; ce qui d\u00e9note du reste et nous [&hellip;]\" \/>\n<meta property=\"og:url\" content=\"https:\/\/officetransportspoetik.com\/index.php\/victorien-buisson-cause-dexopotamie\/\" \/>\n<meta property=\"og:site_name\" content=\"Office des Transports Po\u00e9tik\" \/>\n<meta property=\"article:publisher\" content=\"https:\/\/www.facebook.com\/officedestransportspoetik\" \/>\n<meta property=\"article:modified_time\" content=\"2023-09-13T11:49:52+00:00\" \/>\n<meta property=\"og:image\" content=\"https:\/\/officetransportspoetik.com\/wp-content\/uploads\/2023\/07\/expopotamie.png\" \/>\n<meta name=\"twitter:card\" content=\"summary_large_image\" \/>\n<meta name=\"twitter:label1\" content=\"Dur\u00e9e de lecture estim\u00e9e\" \/>\n\t<meta name=\"twitter:data1\" content=\"3 minutes\" \/>\n<script type=\"application\/ld+json\" class=\"yoast-schema-graph\">{\"@context\":\"https:\\\/\\\/schema.org\",\"@graph\":[{\"@type\":\"WebPage\",\"@id\":\"https:\\\/\\\/officetransportspoetik.com\\\/index.php\\\/victorien-buisson-cause-dexopotamie\\\/\",\"url\":\"https:\\\/\\\/officetransportspoetik.com\\\/index.php\\\/victorien-buisson-cause-dexopotamie\\\/\",\"name\":\"VICTORIEN BUISSON CAUSE D'EXOPOTAMIE - Office des Transports Po\u00e9tik\",\"isPartOf\":{\"@id\":\"https:\\\/\\\/officetransportspoetik.com\\\/#website\"},\"primaryImageOfPage\":{\"@id\":\"https:\\\/\\\/officetransportspoetik.com\\\/index.php\\\/victorien-buisson-cause-dexopotamie\\\/#primaryimage\"},\"image\":{\"@id\":\"https:\\\/\\\/officetransportspoetik.com\\\/index.php\\\/victorien-buisson-cause-dexopotamie\\\/#primaryimage\"},\"thumbnailUrl\":\"https:\\\/\\\/officetransportspoetik.com\\\/wp-content\\\/uploads\\\/2023\\\/07\\\/expopotamie.png\",\"datePublished\":\"2023-07-25T09:02:17+00:00\",\"dateModified\":\"2023-09-13T11:49:52+00:00\",\"breadcrumb\":{\"@id\":\"https:\\\/\\\/officetransportspoetik.com\\\/index.php\\\/victorien-buisson-cause-dexopotamie\\\/#breadcrumb\"},\"inLanguage\":\"fr-FR\",\"potentialAction\":[{\"@type\":\"ReadAction\",\"target\":[\"https:\\\/\\\/officetransportspoetik.com\\\/index.php\\\/victorien-buisson-cause-dexopotamie\\\/\"]}]},{\"@type\":\"ImageObject\",\"inLanguage\":\"fr-FR\",\"@id\":\"https:\\\/\\\/officetransportspoetik.com\\\/index.php\\\/victorien-buisson-cause-dexopotamie\\\/#primaryimage\",\"url\":\"\",\"contentUrl\":\"\"},{\"@type\":\"BreadcrumbList\",\"@id\":\"https:\\\/\\\/officetransportspoetik.com\\\/index.php\\\/victorien-buisson-cause-dexopotamie\\\/#breadcrumb\",\"itemListElement\":[{\"@type\":\"ListItem\",\"position\":1,\"name\":\"Accueil\",\"item\":\"https:\\\/\\\/officetransportspoetik.com\\\/\"},{\"@type\":\"ListItem\",\"position\":2,\"name\":\"VICTORIEN BUISSON CAUSE D&rsquo;EXOPOTAMIE\"}]},{\"@type\":\"WebSite\",\"@id\":\"https:\\\/\\\/officetransportspoetik.com\\\/#website\",\"url\":\"https:\\\/\\\/officetransportspoetik.com\\\/\",\"name\":\"Office des Transports Po\u00e9tik\",\"description\":\"autour des \u00e9critures po\u00e9tiques contemporaines\",\"publisher\":{\"@id\":\"https:\\\/\\\/officetransportspoetik.com\\\/#organization\"},\"potentialAction\":[{\"@type\":\"SearchAction\",\"target\":{\"@type\":\"EntryPoint\",\"urlTemplate\":\"https:\\\/\\\/officetransportspoetik.com\\\/?s={search_term_string}\"},\"query-input\":{\"@type\":\"PropertyValueSpecification\",\"valueRequired\":true,\"valueName\":\"search_term_string\"}}],\"inLanguage\":\"fr-FR\"},{\"@type\":\"Organization\",\"@id\":\"https:\\\/\\\/officetransportspoetik.com\\\/#organization\",\"name\":\"Office des Transports Po\u00e9tik\",\"url\":\"https:\\\/\\\/officetransportspoetik.com\\\/\",\"logo\":{\"@type\":\"ImageObject\",\"inLanguage\":\"fr-FR\",\"@id\":\"https:\\\/\\\/officetransportspoetik.com\\\/#\\\/schema\\\/logo\\\/image\\\/\",\"url\":\"http:\\\/\\\/officetransportspoetik.com\\\/wp-content\\\/uploads\\\/2023\\\/01\\\/logo-Office-rouge-pour-programme-festival-2022.jpg\",\"contentUrl\":\"http:\\\/\\\/officetransportspoetik.com\\\/wp-content\\\/uploads\\\/2023\\\/01\\\/logo-Office-rouge-pour-programme-festival-2022.jpg\",\"width\":1200,\"height\":500,\"caption\":\"Office des Transports Po\u00e9tik\"},\"image\":{\"@id\":\"https:\\\/\\\/officetransportspoetik.com\\\/#\\\/schema\\\/logo\\\/image\\\/\"},\"sameAs\":[\"https:\\\/\\\/www.facebook.com\\\/officedestransportspoetik\",\"https:\\\/\\\/www.instagram.com\\\/office_des_transports_poetik\\\/\"]}]}<\/script>\n<!-- \/ Yoast SEO plugin. -->","yoast_head_json":{"title":"VICTORIEN BUISSON CAUSE D'EXOPOTAMIE - Office des Transports Po\u00e9tik","robots":{"index":"index","follow":"follow","max-snippet":"max-snippet:-1","max-image-preview":"max-image-preview:large","max-video-preview":"max-video-preview:-1"},"canonical":"https:\/\/officetransportspoetik.com\/index.php\/victorien-buisson-cause-dexopotamie\/","og_locale":"fr_FR","og_type":"article","og_title":"VICTORIEN BUISSON CAUSE D'EXOPOTAMIE - Office des Transports Po\u00e9tik","og_description":"VICTORIEN CAUSE DES \u00c9DITIONS EXOPOTAMIE \u00c9ditions Exopotamie Il existe, si l&rsquo;on fait, t\u00e9m\u00e9raire, le voyage ad\u00e9quat ; un espace nomm\u00e9 Exopotamie situ\u00e9 bien\u00a0plus loin de nos rivages connus. Il s&rsquo;agit d&rsquo;abandonner ses brassards ; l&rsquo;Exopotamie, c&rsquo;est ce qui est\u00a0hors du fleuve, ce qui va \u00e0 contre courant ; ce qui d\u00e9note du reste et nous [&hellip;]","og_url":"https:\/\/officetransportspoetik.com\/index.php\/victorien-buisson-cause-dexopotamie\/","og_site_name":"Office des Transports Po\u00e9tik","article_publisher":"https:\/\/www.facebook.com\/officedestransportspoetik","article_modified_time":"2023-09-13T11:49:52+00:00","og_image":[{"url":"https:\/\/officetransportspoetik.com\/wp-content\/uploads\/2023\/07\/expopotamie.png","type":"","width":"","height":""}],"twitter_card":"summary_large_image","twitter_misc":{"Dur\u00e9e de lecture estim\u00e9e":"3 minutes"},"schema":{"@context":"https:\/\/schema.org","@graph":[{"@type":"WebPage","@id":"https:\/\/officetransportspoetik.com\/index.php\/victorien-buisson-cause-dexopotamie\/","url":"https:\/\/officetransportspoetik.com\/index.php\/victorien-buisson-cause-dexopotamie\/","name":"VICTORIEN BUISSON CAUSE D'EXOPOTAMIE - Office des Transports Po\u00e9tik","isPartOf":{"@id":"https:\/\/officetransportspoetik.com\/#website"},"primaryImageOfPage":{"@id":"https:\/\/officetransportspoetik.com\/index.php\/victorien-buisson-cause-dexopotamie\/#primaryimage"},"image":{"@id":"https:\/\/officetransportspoetik.com\/index.php\/victorien-buisson-cause-dexopotamie\/#primaryimage"},"thumbnailUrl":"https:\/\/officetransportspoetik.com\/wp-content\/uploads\/2023\/07\/expopotamie.png","datePublished":"2023-07-25T09:02:17+00:00","dateModified":"2023-09-13T11:49:52+00:00","breadcrumb":{"@id":"https:\/\/officetransportspoetik.com\/index.php\/victorien-buisson-cause-dexopotamie\/#breadcrumb"},"inLanguage":"fr-FR","potentialAction":[{"@type":"ReadAction","target":["https:\/\/officetransportspoetik.com\/index.php\/victorien-buisson-cause-dexopotamie\/"]}]},{"@type":"ImageObject","inLanguage":"fr-FR","@id":"https:\/\/officetransportspoetik.com\/index.php\/victorien-buisson-cause-dexopotamie\/#primaryimage","url":"","contentUrl":""},{"@type":"BreadcrumbList","@id":"https:\/\/officetransportspoetik.com\/index.php\/victorien-buisson-cause-dexopotamie\/#breadcrumb","itemListElement":[{"@type":"ListItem","position":1,"name":"Accueil","item":"https:\/\/officetransportspoetik.com\/"},{"@type":"ListItem","position":2,"name":"VICTORIEN BUISSON CAUSE D&rsquo;EXOPOTAMIE"}]},{"@type":"WebSite","@id":"https:\/\/officetransportspoetik.com\/#website","url":"https:\/\/officetransportspoetik.com\/","name":"Office des Transports Po\u00e9tik","description":"autour des \u00e9critures po\u00e9tiques contemporaines","publisher":{"@id":"https:\/\/officetransportspoetik.com\/#organization"},"potentialAction":[{"@type":"SearchAction","target":{"@type":"EntryPoint","urlTemplate":"https:\/\/officetransportspoetik.com\/?s={search_term_string}"},"query-input":{"@type":"PropertyValueSpecification","valueRequired":true,"valueName":"search_term_string"}}],"inLanguage":"fr-FR"},{"@type":"Organization","@id":"https:\/\/officetransportspoetik.com\/#organization","name":"Office des Transports Po\u00e9tik","url":"https:\/\/officetransportspoetik.com\/","logo":{"@type":"ImageObject","inLanguage":"fr-FR","@id":"https:\/\/officetransportspoetik.com\/#\/schema\/logo\/image\/","url":"http:\/\/officetransportspoetik.com\/wp-content\/uploads\/2023\/01\/logo-Office-rouge-pour-programme-festival-2022.jpg","contentUrl":"http:\/\/officetransportspoetik.com\/wp-content\/uploads\/2023\/01\/logo-Office-rouge-pour-programme-festival-2022.jpg","width":1200,"height":500,"caption":"Office des Transports Po\u00e9tik"},"image":{"@id":"https:\/\/officetransportspoetik.com\/#\/schema\/logo\/image\/"},"sameAs":["https:\/\/www.facebook.com\/officedestransportspoetik","https:\/\/www.instagram.com\/office_des_transports_poetik\/"]}]}},"_links":{"self":[{"href":"https:\/\/officetransportspoetik.com\/index.php\/wp-json\/wp\/v2\/pages\/3151","targetHints":{"allow":["GET"]}}],"collection":[{"href":"https:\/\/officetransportspoetik.com\/index.php\/wp-json\/wp\/v2\/pages"}],"about":[{"href":"https:\/\/officetransportspoetik.com\/index.php\/wp-json\/wp\/v2\/types\/page"}],"author":[{"embeddable":true,"href":"https:\/\/officetransportspoetik.com\/index.php\/wp-json\/wp\/v2\/users\/1"}],"replies":[{"embeddable":true,"href":"https:\/\/officetransportspoetik.com\/index.php\/wp-json\/wp\/v2\/comments?post=3151"}],"version-history":[{"count":28,"href":"https:\/\/officetransportspoetik.com\/index.php\/wp-json\/wp\/v2\/pages\/3151\/revisions"}],"predecessor-version":[{"id":3253,"href":"https:\/\/officetransportspoetik.com\/index.php\/wp-json\/wp\/v2\/pages\/3151\/revisions\/3253"}],"wp:attachment":[{"href":"https:\/\/officetransportspoetik.com\/index.php\/wp-json\/wp\/v2\/media?parent=3151"}],"curies":[{"name":"wp","href":"https:\/\/api.w.org\/{rel}","templated":true}]}}